{"id":8244,"date":"2019-12-16T22:09:05","date_gmt":"2019-12-16T20:09:05","guid":{"rendered":"https:\/\/www.stutenmilch.be\/boutique\/asns-fuss-pulver-anti-stink-nass-und-schweiss\/"},"modified":"2021-05-25T13:47:03","modified_gmt":"2021-05-25T11:47:03","slug":"asns-foot-powder","status":"publish","type":"product","link":"https:\/\/www.stutenmilch.be\/en\/shop\/asns-foot-powder\/","title":{"rendered":"ASNS Foot Powder (Anti stink, wet and sweaty feet)"},"content":{"rendered":"","protected":false},"excerpt":{"rendered":"<p>Say goodbye to unpleasant feet in a completely natural way and get to know our ASNS foot powder. Made accordingly to grandmother&#8217;s recipe, it is used against sweaty, wet, smelly and\/or sore feet and works wonders.<\/p>\n<p>Direction of use: Dust a little bit of the powder in your shoes and if necessary, it can also be used inside your socks at the beginning of treatment.<\/p>\n","protected":false},"featured_media":13491,"template":"","meta":{"_acf_changed":false},"product_brand":[],"product_cat":[142,137],"product_tag":[],"class_list":{"0":"post-8244","1":"product","2":"type-product","3":"status-publish","4":"has-post-thumbnail","6":"product_cat-products","7":"product_cat-specialities","9":"first","10":"instock","11":"taxable","12":"shipping-taxable","13":"purchasable","14":"product-type-simple"},"acf":[],"yoast_head":"<!-- This site is optimized with the Yoast SEO plugin v27.4 - https:\/\/yoast.com\/product\/yoast-seo-wordpress\/ -->\n<title>ASNS Foot Powder (Anti stink, wet and sweaty feet) - StutenMilch<\/title>\n<meta name=\"description\" content=\"Verabschieden Sie sich auf ganz nat\u00fcrliche Weise von unangenehmen F\u00fc\u00dfen und lernen sie unser ASNS Fu\u00df Pulver kennen. Hilft bei Schwei\u00df oder wunden -f\u00fc\u00dfen.\" \/>\n<meta name=\"robots\" content=\"index, follow, max-snippet:-1, max-image-preview:large, max-video-preview:-1\" \/>\n<link rel=\"canonical\" href=\"https:\/\/www.stutenmilch.be\/en\/shop\/asns-foot-powder\/\" \/>\n<meta property=\"og:locale\" content=\"en_US\" \/>\n<meta property=\"og:type\" content=\"article\" \/>\n<meta property=\"og:title\" content=\"ASNS Foot Powder (Anti stink, wet and sweaty feet) - StutenMilch\" \/>\n<meta property=\"og:description\" content=\"Verabschieden Sie sich auf ganz nat\u00fcrliche Weise von unangenehmen F\u00fc\u00dfen und lernen sie unser ASNS Fu\u00df Pulver kennen. Hilft bei Schwei\u00df oder wunden -f\u00fc\u00dfen.\" \/>\n<meta property=\"og:url\" content=\"https:\/\/www.stutenmilch.be\/en\/shop\/asns-foot-powder\/\" \/>\n<meta property=\"og:site_name\" content=\"StutenMilch\" \/>\n<meta property=\"article:modified_time\" content=\"2021-05-25T11:47:03+00:00\" \/>\n<meta property=\"og:image\" content=\"https:\/\/www.stutenmilch.be\/wp-content\/uploads\/VRP_0005neu-scaled.jpg\" \/>\n\t<meta property=\"og:image:width\" content=\"2365\" \/>\n\t<meta property=\"og:image:height\" content=\"3543\" \/>\n\t<meta property=\"og:image:type\" content=\"image\/jpeg\" \/>\n<meta name=\"twitter:card\" content=\"summary_large_image\" \/>\n<script type=\"application\/ld+json\" class=\"yoast-schema-graph\">{\"@context\":\"https:\\\/\\\/schema.org\",\"@graph\":[{\"@type\":\"WebPage\",\"@id\":\"https:\\\/\\\/www.stutenmilch.be\\\/en\\\/shop\\\/asns-foot-powder\\\/\",\"url\":\"https:\\\/\\\/www.stutenmilch.be\\\/en\\\/shop\\\/asns-foot-powder\\\/\",\"name\":\"ASNS Foot Powder (Anti stink, wet and sweaty feet) - StutenMilch\",\"isPartOf\":{\"@id\":\"https:\\\/\\\/www.stutenmilch.be\\\/#website\"},\"primaryImageOfPage\":{\"@id\":\"https:\\\/\\\/www.stutenmilch.be\\\/en\\\/shop\\\/asns-foot-powder\\\/#primaryimage\"},\"image\":{\"@id\":\"https:\\\/\\\/www.stutenmilch.be\\\/en\\\/shop\\\/asns-foot-powder\\\/#primaryimage\"},\"thumbnailUrl\":\"https:\\\/\\\/www.stutenmilch.be\\\/wp-content\\\/uploads\\\/SM_UNICORNIS-PACKSHOT_ASNS-Fusspuder-def-scaled.jpg\",\"datePublished\":\"2019-12-16T20:09:05+00:00\",\"dateModified\":\"2021-05-25T11:47:03+00:00\",\"description\":\"Verabschieden Sie sich auf ganz nat\u00fcrliche Weise von unangenehmen F\u00fc\u00dfen und lernen sie unser ASNS Fu\u00df Pulver kennen. Hilft bei Schwei\u00df oder wunden -f\u00fc\u00dfen.\",\"breadcrumb\":{\"@id\":\"https:\\\/\\\/www.stutenmilch.be\\\/en\\\/shop\\\/asns-foot-powder\\\/#breadcrumb\"},\"inLanguage\":\"en-US\",\"potentialAction\":[{\"@type\":\"ReadAction\",\"target\":[\"https:\\\/\\\/www.stutenmilch.be\\\/en\\\/shop\\\/asns-foot-powder\\\/\"]}]},{\"@type\":\"ImageObject\",\"inLanguage\":\"en-US\",\"@id\":\"https:\\\/\\\/www.stutenmilch.be\\\/en\\\/shop\\\/asns-foot-powder\\\/#primaryimage\",\"url\":\"https:\\\/\\\/www.stutenmilch.be\\\/wp-content\\\/uploads\\\/SM_UNICORNIS-PACKSHOT_ASNS-Fusspuder-def-scaled.jpg\",\"contentUrl\":\"https:\\\/\\\/www.stutenmilch.be\\\/wp-content\\\/uploads\\\/SM_UNICORNIS-PACKSHOT_ASNS-Fusspuder-def-scaled.jpg\",\"width\":2000,\"height\":2000},{\"@type\":\"BreadcrumbList\",\"@id\":\"https:\\\/\\\/www.stutenmilch.be\\\/en\\\/shop\\\/asns-foot-powder\\\/#breadcrumb\",\"itemListElement\":[{\"@type\":\"ListItem\",\"position\":1,\"name\":\"Store\",\"item\":\"https:\\\/\\\/www.stutenmilch.be\\\/en\\\/shop\\\/\"},{\"@type\":\"ListItem\",\"position\":2,\"name\":\"ASNS Foot Powder (Anti stink, wet and sweaty feet)\"}]},{\"@type\":\"WebSite\",\"@id\":\"https:\\\/\\\/www.stutenmilch.be\\\/#website\",\"url\":\"https:\\\/\\\/www.stutenmilch.be\\\/\",\"name\":\"StutenMilch\",\"description\":\"\",\"potentialAction\":[{\"@type\":\"SearchAction\",\"target\":{\"@type\":\"EntryPoint\",\"urlTemplate\":\"https:\\\/\\\/www.stutenmilch.be\\\/?s={search_term_string}\"},\"query-input\":{\"@type\":\"PropertyValueSpecification\",\"valueRequired\":true,\"valueName\":\"search_term_string\"}}],\"inLanguage\":\"en-US\"}]}<\/script>\n<!-- \/ Yoast SEO plugin. -->","yoast_head_json":{"title":"ASNS Foot Powder (Anti stink, wet and sweaty feet) - StutenMilch","description":"Verabschieden Sie sich auf ganz nat\u00fcrliche Weise von unangenehmen F\u00fc\u00dfen und lernen sie unser ASNS Fu\u00df Pulver kennen. Hilft bei Schwei\u00df oder wunden -f\u00fc\u00dfen.","robots":{"index":"index","follow":"follow","max-snippet":"max-snippet:-1","max-image-preview":"max-image-preview:large","max-video-preview":"max-video-preview:-1"},"canonical":"https:\/\/www.stutenmilch.be\/en\/shop\/asns-foot-powder\/","og_locale":"en_US","og_type":"article","og_title":"ASNS Foot Powder (Anti stink, wet and sweaty feet) - StutenMilch","og_description":"Verabschieden Sie sich auf ganz nat\u00fcrliche Weise von unangenehmen F\u00fc\u00dfen und lernen sie unser ASNS Fu\u00df Pulver kennen. Hilft bei Schwei\u00df oder wunden -f\u00fc\u00dfen.","og_url":"https:\/\/www.stutenmilch.be\/en\/shop\/asns-foot-powder\/","og_site_name":"StutenMilch","article_modified_time":"2021-05-25T11:47:03+00:00","og_image":[{"width":2365,"height":3543,"url":"https:\/\/www.stutenmilch.be\/wp-content\/uploads\/VRP_0005neu-scaled.jpg","type":"image\/jpeg"}],"twitter_card":"summary_large_image","schema":{"@context":"https:\/\/schema.org","@graph":[{"@type":"WebPage","@id":"https:\/\/www.stutenmilch.be\/en\/shop\/asns-foot-powder\/","url":"https:\/\/www.stutenmilch.be\/en\/shop\/asns-foot-powder\/","name":"ASNS Foot Powder (Anti stink, wet and sweaty feet) - StutenMilch","isPartOf":{"@id":"https:\/\/www.stutenmilch.be\/#website"},"primaryImageOfPage":{"@id":"https:\/\/www.stutenmilch.be\/en\/shop\/asns-foot-powder\/#primaryimage"},"image":{"@id":"https:\/\/www.stutenmilch.be\/en\/shop\/asns-foot-powder\/#primaryimage"},"thumbnailUrl":"https:\/\/www.stutenmilch.be\/wp-content\/uploads\/SM_UNICORNIS-PACKSHOT_ASNS-Fusspuder-def-scaled.jpg","datePublished":"2019-12-16T20:09:05+00:00","dateModified":"2021-05-25T11:47:03+00:00","description":"Verabschieden Sie sich auf ganz nat\u00fcrliche Weise von unangenehmen F\u00fc\u00dfen und lernen sie unser ASNS Fu\u00df Pulver kennen. Hilft bei Schwei\u00df oder wunden -f\u00fc\u00dfen.","breadcrumb":{"@id":"https:\/\/www.stutenmilch.be\/en\/shop\/asns-foot-powder\/#breadcrumb"},"inLanguage":"en-US","potentialAction":[{"@type":"ReadAction","target":["https:\/\/www.stutenmilch.be\/en\/shop\/asns-foot-powder\/"]}]},{"@type":"ImageObject","inLanguage":"en-US","@id":"https:\/\/www.stutenmilch.be\/en\/shop\/asns-foot-powder\/#primaryimage","url":"https:\/\/www.stutenmilch.be\/wp-content\/uploads\/SM_UNICORNIS-PACKSHOT_ASNS-Fusspuder-def-scaled.jpg","contentUrl":"https:\/\/www.stutenmilch.be\/wp-content\/uploads\/SM_UNICORNIS-PACKSHOT_ASNS-Fusspuder-def-scaled.jpg","width":2000,"height":2000},{"@type":"BreadcrumbList","@id":"https:\/\/www.stutenmilch.be\/en\/shop\/asns-foot-powder\/#breadcrumb","itemListElement":[{"@type":"ListItem","position":1,"name":"Store","item":"https:\/\/www.stutenmilch.be\/en\/shop\/"},{"@type":"ListItem","position":2,"name":"ASNS Foot Powder (Anti stink, wet and sweaty feet)"}]},{"@type":"WebSite","@id":"https:\/\/www.stutenmilch.be\/#website","url":"https:\/\/www.stutenmilch.be\/","name":"StutenMilch","description":"","potentialAction":[{"@type":"SearchAction","target":{"@type":"EntryPoint","urlTemplate":"https:\/\/www.stutenmilch.be\/?s={search_term_string}"},"query-input":{"@type":"PropertyValueSpecification","valueRequired":true,"valueName":"search_term_string"}}],"inLanguage":"en-US"}]}},"_links":{"self":[{"href":"https:\/\/www.stutenmilch.be\/en\/wp-json\/wp\/v2\/product\/8244","targetHints":{"allow":["GET"]}}],"collection":[{"href":"https:\/\/www.stutenmilch.be\/en\/wp-json\/wp\/v2\/product"}],"about":[{"href":"https:\/\/www.stutenmilch.be\/en\/wp-json\/wp\/v2\/types\/product"}],"wp:featuredmedia":[{"embeddable":true,"href":"https:\/\/www.stutenmilch.be\/en\/wp-json\/wp\/v2\/media\/13491"}],"wp:attachment":[{"href":"https:\/\/www.stutenmilch.be\/en\/wp-json\/wp\/v2\/media?parent=8244"}],"wp:term":[{"taxonomy":"product_brand","embeddable":true,"href":"https:\/\/www.stutenmilch.be\/en\/wp-json\/wp\/v2\/product_brand?post=8244"},{"taxonomy":"product_cat","embeddable":true,"href":"https:\/\/www.stutenmilch.be\/en\/wp-json\/wp\/v2\/product_cat?post=8244"},{"taxonomy":"product_tag","embeddable":true,"href":"https:\/\/www.stutenmilch.be\/en\/wp-json\/wp\/v2\/product_tag?post=8244"}],"curies":[{"name":"wp","href":"https:\/\/api.w.org\/{rel}","templated":true}]}}