{"id":8282,"date":"2016-09-08T15:16:41","date_gmt":"2016-09-08T13:16:41","guid":{"rendered":"https:\/\/www.stutenmilch.be\/boutique\/unicorn-wundsalbe\/"},"modified":"2021-05-25T13:47:06","modified_gmt":"2021-05-25T11:47:06","slug":"unicorn-wound-ointment","status":"publish","type":"product","link":"https:\/\/www.stutenmilch.be\/en\/shop\/unicorn-wound-ointment\/","title":{"rendered":"Unicorn wound ointment"},"content":{"rendered":"","protected":false},"excerpt":{"rendered":"<p>As the basis of our purely natural skin products, we present our Unicorn, an ointment that no household should be without. Made from mare&#8217;s milk, arnica, marigold and many more natural ingredients, it is very versatile. The ointment can be used on wounds, (also for animals) burns, mosquito bites, chapped skin, irritated children&#8217;s bottoms, neurodermatitis, psoriasis, acne, haemorrhoids and as a lip balm.<\/p>\n<p>Direction of use: the ointment is applied thinly several times a day as needed and rubbed in well.<\/p>\n<p>For more serious wounds and injuries it can also be used in combination with EM (see online shop).<\/p>\n<p>Direction of use: bathe for 5-10 minutes or spray the wound with EM, let it dry and then apply the Unicorn cream.<\/p>\n<p>If you have an injured horse or other animal, please contact me. I can prepare a freshly made paste out of the UNICORN cream which closes the smallest or biggest wounds in a few days.<\/p>\n<p>The advantage of the specially made Unicorn Paste compared to the Unicorn Cream is that it adheres particularly well to wounds and forms a natural plaster. This makes it especially easy to care for animals, even if the injury is in more complicated places. Wounds of any kind heal quickly and provide beautiful scarring.<\/p>\n<p>Suitable for humans and animals.<\/p>\n","protected":false},"featured_media":13603,"template":"","meta":{"_acf_changed":false},"product_brand":[],"product_cat":[113,142],"product_tag":[],"class_list":{"0":"post-8282","1":"product","2":"type-product","3":"status-publish","4":"has-post-thumbnail","6":"product_cat-cosmetics","7":"product_cat-products","9":"first","10":"instock","11":"taxable","12":"shipping-taxable","13":"purchasable","14":"product-type-simple"},"acf":[],"yoast_head":"<!-- This site is optimized with the Yoast SEO plugin v27.5 - https:\/\/yoast.com\/product\/yoast-seo-wordpress\/ -->\n<title>Unicorn wound ointment - Stutenmilch Kosmetik - Stutenmilchverkauf Belgien<\/title>\n<meta name=\"description\" content=\"Speziell gemacht und immer frisch hergestellt, f\u00fcr kleine bis gro\u00dfe Wunden. Haftet gut auf Wunden und bildet ein nat\u00fcrliches Pflaster.\" \/>\n<meta name=\"robots\" content=\"index, follow, max-snippet:-1, max-image-preview:large, max-video-preview:-1\" \/>\n<link rel=\"canonical\" href=\"https:\/\/www.stutenmilch.be\/en\/shop\/unicorn-wound-ointment\/\" \/>\n<meta property=\"og:locale\" content=\"en_US\" \/>\n<meta property=\"og:type\" content=\"article\" \/>\n<meta property=\"og:title\" content=\"Unicorn wound ointment - Stutenmilch Kosmetik - Stutenmilchverkauf Belgien\" \/>\n<meta property=\"og:description\" content=\"Speziell gemacht und immer frisch hergestellt, f\u00fcr kleine bis gro\u00dfe Wunden. Haftet gut auf Wunden und bildet ein nat\u00fcrliches Pflaster.\" \/>\n<meta property=\"og:url\" content=\"https:\/\/www.stutenmilch.be\/en\/shop\/unicorn-wound-ointment\/\" \/>\n<meta property=\"og:site_name\" content=\"StutenMilch\" \/>\n<meta property=\"article:modified_time\" content=\"2021-05-25T11:47:06+00:00\" \/>\n<meta property=\"og:image\" content=\"https:\/\/www.stutenmilch.be\/wp-content\/uploads\/stutenmilch.be_UNICORNIS-Unicorn-scaled.jpg\" \/>\n\t<meta property=\"og:image:width\" content=\"2518\" \/>\n\t<meta property=\"og:image:height\" content=\"2000\" \/>\n\t<meta property=\"og:image:type\" content=\"image\/jpeg\" \/>\n<meta name=\"twitter:card\" content=\"summary_large_image\" \/>\n<script type=\"application\/ld+json\" class=\"yoast-schema-graph\">{\"@context\":\"https:\\\/\\\/schema.org\",\"@graph\":[{\"@type\":\"WebPage\",\"@id\":\"https:\\\/\\\/www.stutenmilch.be\\\/en\\\/shop\\\/unicorn-wound-ointment\\\/\",\"url\":\"https:\\\/\\\/www.stutenmilch.be\\\/en\\\/shop\\\/unicorn-wound-ointment\\\/\",\"name\":\"Unicorn wound ointment - Stutenmilch Kosmetik - Stutenmilchverkauf Belgien\",\"isPartOf\":{\"@id\":\"https:\\\/\\\/www.stutenmilch.be\\\/#website\"},\"primaryImageOfPage\":{\"@id\":\"https:\\\/\\\/www.stutenmilch.be\\\/en\\\/shop\\\/unicorn-wound-ointment\\\/#primaryimage\"},\"image\":{\"@id\":\"https:\\\/\\\/www.stutenmilch.be\\\/en\\\/shop\\\/unicorn-wound-ointment\\\/#primaryimage\"},\"thumbnailUrl\":\"https:\\\/\\\/www.stutenmilch.be\\\/wp-content\\\/uploads\\\/SM_UNICORNIS-PACKSHOT_Unicorn-Salbe-def-scaled.jpg\",\"datePublished\":\"2016-09-08T13:16:41+00:00\",\"dateModified\":\"2021-05-25T11:47:06+00:00\",\"description\":\"Speziell gemacht und immer frisch hergestellt, f\u00fcr kleine bis gro\u00dfe Wunden. Haftet gut auf Wunden und bildet ein nat\u00fcrliches Pflaster.\",\"breadcrumb\":{\"@id\":\"https:\\\/\\\/www.stutenmilch.be\\\/en\\\/shop\\\/unicorn-wound-ointment\\\/#breadcrumb\"},\"inLanguage\":\"en-US\",\"potentialAction\":[{\"@type\":\"ReadAction\",\"target\":[\"https:\\\/\\\/www.stutenmilch.be\\\/en\\\/shop\\\/unicorn-wound-ointment\\\/\"]}]},{\"@type\":\"ImageObject\",\"inLanguage\":\"en-US\",\"@id\":\"https:\\\/\\\/www.stutenmilch.be\\\/en\\\/shop\\\/unicorn-wound-ointment\\\/#primaryimage\",\"url\":\"https:\\\/\\\/www.stutenmilch.be\\\/wp-content\\\/uploads\\\/SM_UNICORNIS-PACKSHOT_Unicorn-Salbe-def-scaled.jpg\",\"contentUrl\":\"https:\\\/\\\/www.stutenmilch.be\\\/wp-content\\\/uploads\\\/SM_UNICORNIS-PACKSHOT_Unicorn-Salbe-def-scaled.jpg\",\"width\":1600,\"height\":1600},{\"@type\":\"BreadcrumbList\",\"@id\":\"https:\\\/\\\/www.stutenmilch.be\\\/en\\\/shop\\\/unicorn-wound-ointment\\\/#breadcrumb\",\"itemListElement\":[{\"@type\":\"ListItem\",\"position\":1,\"name\":\"Store\",\"item\":\"https:\\\/\\\/www.stutenmilch.be\\\/en\\\/shop\\\/\"},{\"@type\":\"ListItem\",\"position\":2,\"name\":\"Unicorn wound ointment\"}]},{\"@type\":\"WebSite\",\"@id\":\"https:\\\/\\\/www.stutenmilch.be\\\/#website\",\"url\":\"https:\\\/\\\/www.stutenmilch.be\\\/\",\"name\":\"StutenMilch\",\"description\":\"\",\"potentialAction\":[{\"@type\":\"SearchAction\",\"target\":{\"@type\":\"EntryPoint\",\"urlTemplate\":\"https:\\\/\\\/www.stutenmilch.be\\\/?s={search_term_string}\"},\"query-input\":{\"@type\":\"PropertyValueSpecification\",\"valueRequired\":true,\"valueName\":\"search_term_string\"}}],\"inLanguage\":\"en-US\"}]}<\/script>\n<!-- \/ Yoast SEO plugin. -->","yoast_head_json":{"title":"Unicorn wound ointment - Stutenmilch Kosmetik - Stutenmilchverkauf Belgien","description":"Speziell gemacht und immer frisch hergestellt, f\u00fcr kleine bis gro\u00dfe Wunden. Haftet gut auf Wunden und bildet ein nat\u00fcrliches Pflaster.","robots":{"index":"index","follow":"follow","max-snippet":"max-snippet:-1","max-image-preview":"max-image-preview:large","max-video-preview":"max-video-preview:-1"},"canonical":"https:\/\/www.stutenmilch.be\/en\/shop\/unicorn-wound-ointment\/","og_locale":"en_US","og_type":"article","og_title":"Unicorn wound ointment - Stutenmilch Kosmetik - Stutenmilchverkauf Belgien","og_description":"Speziell gemacht und immer frisch hergestellt, f\u00fcr kleine bis gro\u00dfe Wunden. Haftet gut auf Wunden und bildet ein nat\u00fcrliches Pflaster.","og_url":"https:\/\/www.stutenmilch.be\/en\/shop\/unicorn-wound-ointment\/","og_site_name":"StutenMilch","article_modified_time":"2021-05-25T11:47:06+00:00","og_image":[{"width":2518,"height":2000,"url":"https:\/\/www.stutenmilch.be\/wp-content\/uploads\/stutenmilch.be_UNICORNIS-Unicorn-scaled.jpg","type":"image\/jpeg"}],"twitter_card":"summary_large_image","schema":{"@context":"https:\/\/schema.org","@graph":[{"@type":"WebPage","@id":"https:\/\/www.stutenmilch.be\/en\/shop\/unicorn-wound-ointment\/","url":"https:\/\/www.stutenmilch.be\/en\/shop\/unicorn-wound-ointment\/","name":"Unicorn wound ointment - Stutenmilch Kosmetik - Stutenmilchverkauf Belgien","isPartOf":{"@id":"https:\/\/www.stutenmilch.be\/#website"},"primaryImageOfPage":{"@id":"https:\/\/www.stutenmilch.be\/en\/shop\/unicorn-wound-ointment\/#primaryimage"},"image":{"@id":"https:\/\/www.stutenmilch.be\/en\/shop\/unicorn-wound-ointment\/#primaryimage"},"thumbnailUrl":"https:\/\/www.stutenmilch.be\/wp-content\/uploads\/SM_UNICORNIS-PACKSHOT_Unicorn-Salbe-def-scaled.jpg","datePublished":"2016-09-08T13:16:41+00:00","dateModified":"2021-05-25T11:47:06+00:00","description":"Speziell gemacht und immer frisch hergestellt, f\u00fcr kleine bis gro\u00dfe Wunden. Haftet gut auf Wunden und bildet ein nat\u00fcrliches Pflaster.","breadcrumb":{"@id":"https:\/\/www.stutenmilch.be\/en\/shop\/unicorn-wound-ointment\/#breadcrumb"},"inLanguage":"en-US","potentialAction":[{"@type":"ReadAction","target":["https:\/\/www.stutenmilch.be\/en\/shop\/unicorn-wound-ointment\/"]}]},{"@type":"ImageObject","inLanguage":"en-US","@id":"https:\/\/www.stutenmilch.be\/en\/shop\/unicorn-wound-ointment\/#primaryimage","url":"https:\/\/www.stutenmilch.be\/wp-content\/uploads\/SM_UNICORNIS-PACKSHOT_Unicorn-Salbe-def-scaled.jpg","contentUrl":"https:\/\/www.stutenmilch.be\/wp-content\/uploads\/SM_UNICORNIS-PACKSHOT_Unicorn-Salbe-def-scaled.jpg","width":1600,"height":1600},{"@type":"BreadcrumbList","@id":"https:\/\/www.stutenmilch.be\/en\/shop\/unicorn-wound-ointment\/#breadcrumb","itemListElement":[{"@type":"ListItem","position":1,"name":"Store","item":"https:\/\/www.stutenmilch.be\/en\/shop\/"},{"@type":"ListItem","position":2,"name":"Unicorn wound ointment"}]},{"@type":"WebSite","@id":"https:\/\/www.stutenmilch.be\/#website","url":"https:\/\/www.stutenmilch.be\/","name":"StutenMilch","description":"","potentialAction":[{"@type":"SearchAction","target":{"@type":"EntryPoint","urlTemplate":"https:\/\/www.stutenmilch.be\/?s={search_term_string}"},"query-input":{"@type":"PropertyValueSpecification","valueRequired":true,"valueName":"search_term_string"}}],"inLanguage":"en-US"}]}},"_links":{"self":[{"href":"https:\/\/www.stutenmilch.be\/en\/wp-json\/wp\/v2\/product\/8282","targetHints":{"allow":["GET"]}}],"collection":[{"href":"https:\/\/www.stutenmilch.be\/en\/wp-json\/wp\/v2\/product"}],"about":[{"href":"https:\/\/www.stutenmilch.be\/en\/wp-json\/wp\/v2\/types\/product"}],"wp:featuredmedia":[{"embeddable":true,"href":"https:\/\/www.stutenmilch.be\/en\/wp-json\/wp\/v2\/media\/13603"}],"wp:attachment":[{"href":"https:\/\/www.stutenmilch.be\/en\/wp-json\/wp\/v2\/media?parent=8282"}],"wp:term":[{"taxonomy":"product_brand","embeddable":true,"href":"https:\/\/www.stutenmilch.be\/en\/wp-json\/wp\/v2\/product_brand?post=8282"},{"taxonomy":"product_cat","embeddable":true,"href":"https:\/\/www.stutenmilch.be\/en\/wp-json\/wp\/v2\/product_cat?post=8282"},{"taxonomy":"product_tag","embeddable":true,"href":"https:\/\/www.stutenmilch.be\/en\/wp-json\/wp\/v2\/product_tag?post=8282"}],"curies":[{"name":"wp","href":"https:\/\/api.w.org\/{rel}","templated":true}]}}