{"id":8297,"date":"2016-05-25T14:01:15","date_gmt":"2016-05-25T13:01:15","guid":{"rendered":"https:\/\/www.stutenmilch.be\/boutique\/oelbad-mit-verschiedenen-kaltgepressten-oelen\/"},"modified":"2021-05-25T13:47:28","modified_gmt":"2021-05-25T11:47:28","slug":"oil-bath","status":"publish","type":"product","link":"https:\/\/www.stutenmilch.be\/en\/shop\/oil-bath\/","title":{"rendered":"Oil bath"},"content":{"rendered":"","protected":false},"excerpt":{"rendered":"<p>This oil bath is rich in vitamins and natural oils such as soybean oil, almond oil, jojoba oil, and many others and is therefore especially recommended for dry skin.<\/p>\n<p>Application: Bath duration approximately 20 minutes; then allow the oil film to soak into the skin.<\/p>\n","protected":false},"featured_media":13567,"template":"","meta":{"_acf_changed":false},"product_brand":[],"product_cat":[113,142],"product_tag":[],"class_list":{"0":"post-8297","1":"product","2":"type-product","3":"status-publish","4":"has-post-thumbnail","6":"product_cat-cosmetics","7":"product_cat-products","9":"first","10":"instock","11":"taxable","12":"shipping-taxable","13":"purchasable","14":"product-type-simple"},"acf":[],"yoast_head":"<!-- This site is optimized with the Yoast SEO plugin v27.4 - https:\/\/yoast.com\/product\/yoast-seo-wordpress\/ -->\n<title>Oil bath - StutenMilch<\/title>\n<meta name=\"description\" content=\"Dieses \u00d6lbad ist reich an Vitaminen und nat\u00fcrlichen \u00d6len wie Soja\u00f6l, Mandel\u00f6l, Jojoba\u00f6l und somit besonders f\u00fcr trockene Haut zu empfehlen.\" \/>\n<meta name=\"robots\" content=\"index, follow, max-snippet:-1, max-image-preview:large, max-video-preview:-1\" \/>\n<link rel=\"canonical\" href=\"https:\/\/www.stutenmilch.be\/en\/shop\/oil-bath\/\" \/>\n<meta property=\"og:locale\" content=\"en_US\" \/>\n<meta property=\"og:type\" content=\"article\" \/>\n<meta property=\"og:title\" content=\"Oil bath - StutenMilch\" \/>\n<meta property=\"og:description\" content=\"Dieses \u00d6lbad ist reich an Vitaminen und nat\u00fcrlichen \u00d6len wie Soja\u00f6l, Mandel\u00f6l, Jojoba\u00f6l und somit besonders f\u00fcr trockene Haut zu empfehlen.\" \/>\n<meta property=\"og:url\" content=\"https:\/\/www.stutenmilch.be\/en\/shop\/oil-bath\/\" \/>\n<meta property=\"og:site_name\" content=\"StutenMilch\" \/>\n<meta property=\"article:modified_time\" content=\"2021-05-25T11:47:28+00:00\" \/>\n<meta property=\"og:image\" content=\"https:\/\/www.stutenmilch.be\/wp-content\/uploads\/stutenmilch.be_UNICORNIS-Oelbad-scaled.jpg\" \/>\n\t<meta property=\"og:image:width\" content=\"1334\" \/>\n\t<meta property=\"og:image:height\" content=\"2000\" \/>\n\t<meta property=\"og:image:type\" content=\"image\/jpeg\" \/>\n<meta name=\"twitter:card\" content=\"summary_large_image\" \/>\n<script type=\"application\/ld+json\" class=\"yoast-schema-graph\">{\"@context\":\"https:\\\/\\\/schema.org\",\"@graph\":[{\"@type\":\"WebPage\",\"@id\":\"https:\\\/\\\/www.stutenmilch.be\\\/en\\\/shop\\\/oil-bath\\\/\",\"url\":\"https:\\\/\\\/www.stutenmilch.be\\\/en\\\/shop\\\/oil-bath\\\/\",\"name\":\"Oil bath - StutenMilch\",\"isPartOf\":{\"@id\":\"https:\\\/\\\/www.stutenmilch.be\\\/#website\"},\"primaryImageOfPage\":{\"@id\":\"https:\\\/\\\/www.stutenmilch.be\\\/en\\\/shop\\\/oil-bath\\\/#primaryimage\"},\"image\":{\"@id\":\"https:\\\/\\\/www.stutenmilch.be\\\/en\\\/shop\\\/oil-bath\\\/#primaryimage\"},\"thumbnailUrl\":\"https:\\\/\\\/www.stutenmilch.be\\\/wp-content\\\/uploads\\\/SM_UNICORNIS-PACKSHOT_Oelbad-def-scaled.jpg\",\"datePublished\":\"2016-05-25T13:01:15+00:00\",\"dateModified\":\"2021-05-25T11:47:28+00:00\",\"description\":\"Dieses \u00d6lbad ist reich an Vitaminen und nat\u00fcrlichen \u00d6len wie Soja\u00f6l, Mandel\u00f6l, Jojoba\u00f6l und somit besonders f\u00fcr trockene Haut zu empfehlen.\",\"breadcrumb\":{\"@id\":\"https:\\\/\\\/www.stutenmilch.be\\\/en\\\/shop\\\/oil-bath\\\/#breadcrumb\"},\"inLanguage\":\"en-US\",\"potentialAction\":[{\"@type\":\"ReadAction\",\"target\":[\"https:\\\/\\\/www.stutenmilch.be\\\/en\\\/shop\\\/oil-bath\\\/\"]}]},{\"@type\":\"ImageObject\",\"inLanguage\":\"en-US\",\"@id\":\"https:\\\/\\\/www.stutenmilch.be\\\/en\\\/shop\\\/oil-bath\\\/#primaryimage\",\"url\":\"https:\\\/\\\/www.stutenmilch.be\\\/wp-content\\\/uploads\\\/SM_UNICORNIS-PACKSHOT_Oelbad-def-scaled.jpg\",\"contentUrl\":\"https:\\\/\\\/www.stutenmilch.be\\\/wp-content\\\/uploads\\\/SM_UNICORNIS-PACKSHOT_Oelbad-def-scaled.jpg\",\"width\":2000,\"height\":2000},{\"@type\":\"BreadcrumbList\",\"@id\":\"https:\\\/\\\/www.stutenmilch.be\\\/en\\\/shop\\\/oil-bath\\\/#breadcrumb\",\"itemListElement\":[{\"@type\":\"ListItem\",\"position\":1,\"name\":\"Store\",\"item\":\"https:\\\/\\\/www.stutenmilch.be\\\/en\\\/shop\\\/\"},{\"@type\":\"ListItem\",\"position\":2,\"name\":\"Oil bath\"}]},{\"@type\":\"WebSite\",\"@id\":\"https:\\\/\\\/www.stutenmilch.be\\\/#website\",\"url\":\"https:\\\/\\\/www.stutenmilch.be\\\/\",\"name\":\"StutenMilch\",\"description\":\"\",\"potentialAction\":[{\"@type\":\"SearchAction\",\"target\":{\"@type\":\"EntryPoint\",\"urlTemplate\":\"https:\\\/\\\/www.stutenmilch.be\\\/?s={search_term_string}\"},\"query-input\":{\"@type\":\"PropertyValueSpecification\",\"valueRequired\":true,\"valueName\":\"search_term_string\"}}],\"inLanguage\":\"en-US\"}]}<\/script>\n<!-- \/ Yoast SEO plugin. -->","yoast_head_json":{"title":"Oil bath - StutenMilch","description":"Dieses \u00d6lbad ist reich an Vitaminen und nat\u00fcrlichen \u00d6len wie Soja\u00f6l, Mandel\u00f6l, Jojoba\u00f6l und somit besonders f\u00fcr trockene Haut zu empfehlen.","robots":{"index":"index","follow":"follow","max-snippet":"max-snippet:-1","max-image-preview":"max-image-preview:large","max-video-preview":"max-video-preview:-1"},"canonical":"https:\/\/www.stutenmilch.be\/en\/shop\/oil-bath\/","og_locale":"en_US","og_type":"article","og_title":"Oil bath - StutenMilch","og_description":"Dieses \u00d6lbad ist reich an Vitaminen und nat\u00fcrlichen \u00d6len wie Soja\u00f6l, Mandel\u00f6l, Jojoba\u00f6l und somit besonders f\u00fcr trockene Haut zu empfehlen.","og_url":"https:\/\/www.stutenmilch.be\/en\/shop\/oil-bath\/","og_site_name":"StutenMilch","article_modified_time":"2021-05-25T11:47:28+00:00","og_image":[{"width":1334,"height":2000,"url":"https:\/\/www.stutenmilch.be\/wp-content\/uploads\/stutenmilch.be_UNICORNIS-Oelbad-scaled.jpg","type":"image\/jpeg"}],"twitter_card":"summary_large_image","schema":{"@context":"https:\/\/schema.org","@graph":[{"@type":"WebPage","@id":"https:\/\/www.stutenmilch.be\/en\/shop\/oil-bath\/","url":"https:\/\/www.stutenmilch.be\/en\/shop\/oil-bath\/","name":"Oil bath - StutenMilch","isPartOf":{"@id":"https:\/\/www.stutenmilch.be\/#website"},"primaryImageOfPage":{"@id":"https:\/\/www.stutenmilch.be\/en\/shop\/oil-bath\/#primaryimage"},"image":{"@id":"https:\/\/www.stutenmilch.be\/en\/shop\/oil-bath\/#primaryimage"},"thumbnailUrl":"https:\/\/www.stutenmilch.be\/wp-content\/uploads\/SM_UNICORNIS-PACKSHOT_Oelbad-def-scaled.jpg","datePublished":"2016-05-25T13:01:15+00:00","dateModified":"2021-05-25T11:47:28+00:00","description":"Dieses \u00d6lbad ist reich an Vitaminen und nat\u00fcrlichen \u00d6len wie Soja\u00f6l, Mandel\u00f6l, Jojoba\u00f6l und somit besonders f\u00fcr trockene Haut zu empfehlen.","breadcrumb":{"@id":"https:\/\/www.stutenmilch.be\/en\/shop\/oil-bath\/#breadcrumb"},"inLanguage":"en-US","potentialAction":[{"@type":"ReadAction","target":["https:\/\/www.stutenmilch.be\/en\/shop\/oil-bath\/"]}]},{"@type":"ImageObject","inLanguage":"en-US","@id":"https:\/\/www.stutenmilch.be\/en\/shop\/oil-bath\/#primaryimage","url":"https:\/\/www.stutenmilch.be\/wp-content\/uploads\/SM_UNICORNIS-PACKSHOT_Oelbad-def-scaled.jpg","contentUrl":"https:\/\/www.stutenmilch.be\/wp-content\/uploads\/SM_UNICORNIS-PACKSHOT_Oelbad-def-scaled.jpg","width":2000,"height":2000},{"@type":"BreadcrumbList","@id":"https:\/\/www.stutenmilch.be\/en\/shop\/oil-bath\/#breadcrumb","itemListElement":[{"@type":"ListItem","position":1,"name":"Store","item":"https:\/\/www.stutenmilch.be\/en\/shop\/"},{"@type":"ListItem","position":2,"name":"Oil bath"}]},{"@type":"WebSite","@id":"https:\/\/www.stutenmilch.be\/#website","url":"https:\/\/www.stutenmilch.be\/","name":"StutenMilch","description":"","potentialAction":[{"@type":"SearchAction","target":{"@type":"EntryPoint","urlTemplate":"https:\/\/www.stutenmilch.be\/?s={search_term_string}"},"query-input":{"@type":"PropertyValueSpecification","valueRequired":true,"valueName":"search_term_string"}}],"inLanguage":"en-US"}]}},"_links":{"self":[{"href":"https:\/\/www.stutenmilch.be\/en\/wp-json\/wp\/v2\/product\/8297","targetHints":{"allow":["GET"]}}],"collection":[{"href":"https:\/\/www.stutenmilch.be\/en\/wp-json\/wp\/v2\/product"}],"about":[{"href":"https:\/\/www.stutenmilch.be\/en\/wp-json\/wp\/v2\/types\/product"}],"wp:featuredmedia":[{"embeddable":true,"href":"https:\/\/www.stutenmilch.be\/en\/wp-json\/wp\/v2\/media\/13567"}],"wp:attachment":[{"href":"https:\/\/www.stutenmilch.be\/en\/wp-json\/wp\/v2\/media?parent=8297"}],"wp:term":[{"taxonomy":"product_brand","embeddable":true,"href":"https:\/\/www.stutenmilch.be\/en\/wp-json\/wp\/v2\/product_brand?post=8297"},{"taxonomy":"product_cat","embeddable":true,"href":"https:\/\/www.stutenmilch.be\/en\/wp-json\/wp\/v2\/product_cat?post=8297"},{"taxonomy":"product_tag","embeddable":true,"href":"https:\/\/www.stutenmilch.be\/en\/wp-json\/wp\/v2\/product_tag?post=8297"}],"curies":[{"name":"wp","href":"https:\/\/api.w.org\/{rel}","templated":true}]}}