{"id":10442,"date":"2021-06-02T08:43:41","date_gmt":"2021-06-02T06:43:41","guid":{"rendered":"https:\/\/www.stutenmilch.be\/haeufig-gestellte-fragen-2\/"},"modified":"2022-07-19T12:11:45","modified_gmt":"2022-07-19T10:11:45","slug":"questions-frequemment-posees-2","status":"publish","type":"page","link":"https:\/\/www.stutenmilch.be\/fr\/questions-frequemment-posees-2\/","title":{"rendered":"Questions fr\u00e9quemment pos\u00e9es"},"content":{"rendered":"<p>Vous lisez les exp\u00e9riences qu&rsquo;ont fait d&rsquo;autres personnes avec le lait de jument et peut-\u00eatre aussi d\u00e9couvrir si le lait de jument peut aussi \u00eatre la solution \u00e0 vos maux, douleurs et am\u00e9liorer votre qualit\u00e9 de vie.<\/p>\n<p>Si vous avez d&rsquo;autres questions, n&rsquo;h\u00e9sitez pas \u00e0 me contacter :<\/p>\n<div class=\"d-flex\">\n<a class=\"btn btn-light\" href=\"tel:+32479383973\"><span>TEL: 0032\/479383973<\/span><\/a><br \/>\n<a class=\"ml-2 btn btn-light\" href=\"mailto:info@stutenmilch.be\"><span>Email: info@stutenmilch.be<\/span><\/a>\n<\/div>\n","protected":false},"excerpt":{"rendered":"<p>Vous lisez les exp\u00e9riences qu&rsquo;ont fait d&rsquo;autres personnes avec le lait de jument et peut-\u00eatre aussi d\u00e9couvrir si le lait de jument peut aussi \u00eatre la solution \u00e0 vos maux, douleurs et am\u00e9liorer votre qualit\u00e9 de vie. Si vous avez d&rsquo;autres questions, n&rsquo;h\u00e9sitez pas \u00e0 me contacter : TEL: 0032\/479383973 Email: info@stutenmilch.be<\/p>\n","protected":false},"author":2,"featured_media":0,"parent":0,"menu_order":0,"comment_status":"closed","ping_status":"closed","template":"page-faq.php","meta":{"_acf_changed":false,"footnotes":""},"class_list":["post-10442","page","type-page","status-publish","hentry"],"acf":[],"yoast_head":"<!-- This site is optimized with the Yoast SEO plugin v27.5 - https:\/\/yoast.com\/product\/yoast-seo-wordpress\/ -->\n<title>FAQ - Toutes les r\u00e9ponses \u00e0 vos questions sur le lait de jument<\/title>\n<meta name=\"description\" content=\"Le lait de jument et ses nombreuses interrogations. Cette page vous aide \u00e0 trouver les r\u00e9ponses sur le lait de jument, ses bienfaits sur la sant\u00e9 et sur ses diverses utilisations.\" \/>\n<meta name=\"robots\" content=\"index, follow, max-snippet:-1, max-image-preview:large, max-video-preview:-1\" \/>\n<link rel=\"canonical\" href=\"https:\/\/www.stutenmilch.be\/fr\/questions-frequemment-posees-2\/\" \/>\n<meta property=\"og:locale\" content=\"fr_FR\" \/>\n<meta property=\"og:type\" content=\"article\" \/>\n<meta property=\"og:title\" content=\"FAQ - Toutes les r\u00e9ponses \u00e0 vos questions sur le lait de jument\" \/>\n<meta property=\"og:description\" content=\"Le lait de jument et ses nombreuses interrogations. Cette page vous aide \u00e0 trouver les r\u00e9ponses sur le lait de jument, ses bienfaits sur la sant\u00e9 et sur ses diverses utilisations.\" \/>\n<meta property=\"og:url\" content=\"https:\/\/www.stutenmilch.be\/fr\/questions-frequemment-posees-2\/\" \/>\n<meta property=\"og:site_name\" content=\"StutenMilch\" \/>\n<meta property=\"article:modified_time\" content=\"2022-07-19T10:11:45+00:00\" \/>\n<meta name=\"twitter:card\" content=\"summary_large_image\" \/>\n<meta name=\"twitter:label1\" content=\"Dur\u00e9e de lecture estim\u00e9e\" \/>\n\t<meta name=\"twitter:data1\" content=\"1 minute\" \/>\n<script type=\"application\/ld+json\" class=\"yoast-schema-graph\">{\"@context\":\"https:\\\/\\\/schema.org\",\"@graph\":[{\"@type\":\"WebPage\",\"@id\":\"https:\\\/\\\/www.stutenmilch.be\\\/fr\\\/questions-frequemment-posees-2\\\/\",\"url\":\"https:\\\/\\\/www.stutenmilch.be\\\/fr\\\/questions-frequemment-posees-2\\\/\",\"name\":\"FAQ - Toutes les r\u00e9ponses \u00e0 vos questions sur le lait de jument\",\"isPartOf\":{\"@id\":\"https:\\\/\\\/www.stutenmilch.be\\\/#website\"},\"datePublished\":\"2021-06-02T06:43:41+00:00\",\"dateModified\":\"2022-07-19T10:11:45+00:00\",\"description\":\"Le lait de jument et ses nombreuses interrogations. Cette page vous aide \u00e0 trouver les r\u00e9ponses sur le lait de jument, ses bienfaits sur la sant\u00e9 et sur ses diverses utilisations.\",\"inLanguage\":\"fr-FR\",\"potentialAction\":[{\"@type\":\"ReadAction\",\"target\":[\"https:\\\/\\\/www.stutenmilch.be\\\/fr\\\/questions-frequemment-posees-2\\\/\"]}]},{\"@type\":\"WebSite\",\"@id\":\"https:\\\/\\\/www.stutenmilch.be\\\/#website\",\"url\":\"https:\\\/\\\/www.stutenmilch.be\\\/\",\"name\":\"StutenMilch\",\"description\":\"\",\"potentialAction\":[{\"@type\":\"SearchAction\",\"target\":{\"@type\":\"EntryPoint\",\"urlTemplate\":\"https:\\\/\\\/www.stutenmilch.be\\\/?s={search_term_string}\"},\"query-input\":{\"@type\":\"PropertyValueSpecification\",\"valueRequired\":true,\"valueName\":\"search_term_string\"}}],\"inLanguage\":\"fr-FR\"}]}<\/script>\n<!-- \/ Yoast SEO plugin. -->","yoast_head_json":{"title":"FAQ - Toutes les r\u00e9ponses \u00e0 vos questions sur le lait de jument","description":"Le lait de jument et ses nombreuses interrogations. Cette page vous aide \u00e0 trouver les r\u00e9ponses sur le lait de jument, ses bienfaits sur la sant\u00e9 et sur ses diverses utilisations.","robots":{"index":"index","follow":"follow","max-snippet":"max-snippet:-1","max-image-preview":"max-image-preview:large","max-video-preview":"max-video-preview:-1"},"canonical":"https:\/\/www.stutenmilch.be\/fr\/questions-frequemment-posees-2\/","og_locale":"fr_FR","og_type":"article","og_title":"FAQ - Toutes les r\u00e9ponses \u00e0 vos questions sur le lait de jument","og_description":"Le lait de jument et ses nombreuses interrogations. Cette page vous aide \u00e0 trouver les r\u00e9ponses sur le lait de jument, ses bienfaits sur la sant\u00e9 et sur ses diverses utilisations.","og_url":"https:\/\/www.stutenmilch.be\/fr\/questions-frequemment-posees-2\/","og_site_name":"StutenMilch","article_modified_time":"2022-07-19T10:11:45+00:00","twitter_card":"summary_large_image","twitter_misc":{"Dur\u00e9e de lecture estim\u00e9e":"1 minute"},"schema":{"@context":"https:\/\/schema.org","@graph":[{"@type":"WebPage","@id":"https:\/\/www.stutenmilch.be\/fr\/questions-frequemment-posees-2\/","url":"https:\/\/www.stutenmilch.be\/fr\/questions-frequemment-posees-2\/","name":"FAQ - Toutes les r\u00e9ponses \u00e0 vos questions sur le lait de jument","isPartOf":{"@id":"https:\/\/www.stutenmilch.be\/#website"},"datePublished":"2021-06-02T06:43:41+00:00","dateModified":"2022-07-19T10:11:45+00:00","description":"Le lait de jument et ses nombreuses interrogations. Cette page vous aide \u00e0 trouver les r\u00e9ponses sur le lait de jument, ses bienfaits sur la sant\u00e9 et sur ses diverses utilisations.","inLanguage":"fr-FR","potentialAction":[{"@type":"ReadAction","target":["https:\/\/www.stutenmilch.be\/fr\/questions-frequemment-posees-2\/"]}]},{"@type":"WebSite","@id":"https:\/\/www.stutenmilch.be\/#website","url":"https:\/\/www.stutenmilch.be\/","name":"StutenMilch","description":"","potentialAction":[{"@type":"SearchAction","target":{"@type":"EntryPoint","urlTemplate":"https:\/\/www.stutenmilch.be\/?s={search_term_string}"},"query-input":{"@type":"PropertyValueSpecification","valueRequired":true,"valueName":"search_term_string"}}],"inLanguage":"fr-FR"}]}},"_links":{"self":[{"href":"https:\/\/www.stutenmilch.be\/fr\/wp-json\/wp\/v2\/pages\/10442","targetHints":{"allow":["GET"]}}],"collection":[{"href":"https:\/\/www.stutenmilch.be\/fr\/wp-json\/wp\/v2\/pages"}],"about":[{"href":"https:\/\/www.stutenmilch.be\/fr\/wp-json\/wp\/v2\/types\/page"}],"author":[{"embeddable":true,"href":"https:\/\/www.stutenmilch.be\/fr\/wp-json\/wp\/v2\/users\/2"}],"replies":[{"embeddable":true,"href":"https:\/\/www.stutenmilch.be\/fr\/wp-json\/wp\/v2\/comments?post=10442"}],"version-history":[{"count":0,"href":"https:\/\/www.stutenmilch.be\/fr\/wp-json\/wp\/v2\/pages\/10442\/revisions"}],"wp:attachment":[{"href":"https:\/\/www.stutenmilch.be\/fr\/wp-json\/wp\/v2\/media?parent=10442"}],"curies":[{"name":"wp","href":"https:\/\/api.w.org\/{rel}","templated":true}]}}