{"id":8588,"date":"2021-05-10T13:06:27","date_gmt":"2021-05-10T11:06:27","guid":{"rendered":"https:\/\/www.stutenmilch.be\/hof-kessler\/"},"modified":"2026-04-29T20:24:43","modified_gmt":"2026-04-29T18:24:43","slug":"ferme-kessler","status":"publish","type":"page","link":"https:\/\/www.stutenmilch.be\/fr\/ferme-kessler\/","title":{"rendered":"La ferme Kessler"},"content":{"rendered":"<p><em>Rien n&rsquo;est meilleur que l&rsquo;agriculture, rien n&rsquo;est plus beau, rien n&rsquo;est plus digne d&rsquo;un homme libre. Elle suffit amplement aux besoins de notre vie.<\/em><\/p>\n","protected":false},"excerpt":{"rendered":"<p>Rien n&rsquo;est meilleur que l&rsquo;agriculture, rien n&rsquo;est plus beau, rien n&rsquo;est plus digne d&rsquo;un homme libre. Elle suffit amplement aux besoins de notre vie.<\/p>\n","protected":false},"author":2,"featured_media":0,"parent":0,"menu_order":4,"comment_status":"closed","ping_status":"closed","template":"page-hof.php","meta":{"_acf_changed":false,"footnotes":""},"class_list":["post-8588","page","type-page","status-publish","hentry"],"acf":[],"yoast_head":"<!-- This site is optimized with the Yoast SEO plugin v27.5 - https:\/\/yoast.com\/product\/yoast-seo-wordpress\/ -->\n<title>Stutenmilch - Lait de jument en vente dans notre ferme bio et belge<\/title>\n<meta name=\"description\" content=\"Notre ferme est accessible aux visiteurs sur demande. Le lait de jument est produit directement sur place. Notre lait de jument est fortement contr\u00f4l\u00e9 afin de vous garantir la meilleure qualit\u00e9.\" \/>\n<meta name=\"robots\" content=\"index, follow, max-snippet:-1, max-image-preview:large, max-video-preview:-1\" \/>\n<link rel=\"canonical\" href=\"https:\/\/www.stutenmilch.be\/fr\/ferme-kessler\/\" \/>\n<meta property=\"og:locale\" content=\"fr_FR\" \/>\n<meta property=\"og:type\" content=\"article\" \/>\n<meta property=\"og:title\" content=\"Stutenmilch - Lait de jument en vente dans notre ferme bio et belge\" \/>\n<meta property=\"og:description\" content=\"Notre ferme est accessible aux visiteurs sur demande. Le lait de jument est produit directement sur place. Notre lait de jument est fortement contr\u00f4l\u00e9 afin de vous garantir la meilleure qualit\u00e9.\" \/>\n<meta property=\"og:url\" content=\"https:\/\/www.stutenmilch.be\/fr\/ferme-kessler\/\" \/>\n<meta property=\"og:site_name\" content=\"StutenMilch\" \/>\n<meta property=\"article:modified_time\" content=\"2026-04-29T18:24:43+00:00\" \/>\n<meta name=\"twitter:card\" content=\"summary_large_image\" \/>\n<meta name=\"twitter:label1\" content=\"Dur\u00e9e de lecture estim\u00e9e\" \/>\n\t<meta name=\"twitter:data1\" content=\"1 minute\" \/>\n<script type=\"application\/ld+json\" class=\"yoast-schema-graph\">{\"@context\":\"https:\\\/\\\/schema.org\",\"@graph\":[{\"@type\":\"WebPage\",\"@id\":\"https:\\\/\\\/www.stutenmilch.be\\\/fr\\\/ferme-kessler\\\/\",\"url\":\"https:\\\/\\\/www.stutenmilch.be\\\/fr\\\/ferme-kessler\\\/\",\"name\":\"Stutenmilch - Lait de jument en vente dans notre ferme bio et belge\",\"isPartOf\":{\"@id\":\"https:\\\/\\\/www.stutenmilch.be\\\/#website\"},\"datePublished\":\"2021-05-10T11:06:27+00:00\",\"dateModified\":\"2026-04-29T18:24:43+00:00\",\"description\":\"Notre ferme est accessible aux visiteurs sur demande. Le lait de jument est produit directement sur place. Notre lait de jument est fortement contr\u00f4l\u00e9 afin de vous garantir la meilleure qualit\u00e9.\",\"inLanguage\":\"fr-FR\",\"potentialAction\":[{\"@type\":\"ReadAction\",\"target\":[\"https:\\\/\\\/www.stutenmilch.be\\\/fr\\\/ferme-kessler\\\/\"]}]},{\"@type\":\"WebSite\",\"@id\":\"https:\\\/\\\/www.stutenmilch.be\\\/#website\",\"url\":\"https:\\\/\\\/www.stutenmilch.be\\\/\",\"name\":\"StutenMilch\",\"description\":\"\",\"potentialAction\":[{\"@type\":\"SearchAction\",\"target\":{\"@type\":\"EntryPoint\",\"urlTemplate\":\"https:\\\/\\\/www.stutenmilch.be\\\/?s={search_term_string}\"},\"query-input\":{\"@type\":\"PropertyValueSpecification\",\"valueRequired\":true,\"valueName\":\"search_term_string\"}}],\"inLanguage\":\"fr-FR\"}]}<\/script>\n<!-- \/ Yoast SEO plugin. -->","yoast_head_json":{"title":"Stutenmilch - Lait de jument en vente dans notre ferme bio et belge","description":"Notre ferme est accessible aux visiteurs sur demande. Le lait de jument est produit directement sur place. Notre lait de jument est fortement contr\u00f4l\u00e9 afin de vous garantir la meilleure qualit\u00e9.","robots":{"index":"index","follow":"follow","max-snippet":"max-snippet:-1","max-image-preview":"max-image-preview:large","max-video-preview":"max-video-preview:-1"},"canonical":"https:\/\/www.stutenmilch.be\/fr\/ferme-kessler\/","og_locale":"fr_FR","og_type":"article","og_title":"Stutenmilch - Lait de jument en vente dans notre ferme bio et belge","og_description":"Notre ferme est accessible aux visiteurs sur demande. Le lait de jument est produit directement sur place. Notre lait de jument est fortement contr\u00f4l\u00e9 afin de vous garantir la meilleure qualit\u00e9.","og_url":"https:\/\/www.stutenmilch.be\/fr\/ferme-kessler\/","og_site_name":"StutenMilch","article_modified_time":"2026-04-29T18:24:43+00:00","twitter_card":"summary_large_image","twitter_misc":{"Dur\u00e9e de lecture estim\u00e9e":"1 minute"},"schema":{"@context":"https:\/\/schema.org","@graph":[{"@type":"WebPage","@id":"https:\/\/www.stutenmilch.be\/fr\/ferme-kessler\/","url":"https:\/\/www.stutenmilch.be\/fr\/ferme-kessler\/","name":"Stutenmilch - Lait de jument en vente dans notre ferme bio et belge","isPartOf":{"@id":"https:\/\/www.stutenmilch.be\/#website"},"datePublished":"2021-05-10T11:06:27+00:00","dateModified":"2026-04-29T18:24:43+00:00","description":"Notre ferme est accessible aux visiteurs sur demande. Le lait de jument est produit directement sur place. Notre lait de jument est fortement contr\u00f4l\u00e9 afin de vous garantir la meilleure qualit\u00e9.","inLanguage":"fr-FR","potentialAction":[{"@type":"ReadAction","target":["https:\/\/www.stutenmilch.be\/fr\/ferme-kessler\/"]}]},{"@type":"WebSite","@id":"https:\/\/www.stutenmilch.be\/#website","url":"https:\/\/www.stutenmilch.be\/","name":"StutenMilch","description":"","potentialAction":[{"@type":"SearchAction","target":{"@type":"EntryPoint","urlTemplate":"https:\/\/www.stutenmilch.be\/?s={search_term_string}"},"query-input":{"@type":"PropertyValueSpecification","valueRequired":true,"valueName":"search_term_string"}}],"inLanguage":"fr-FR"}]}},"_links":{"self":[{"href":"https:\/\/www.stutenmilch.be\/fr\/wp-json\/wp\/v2\/pages\/8588","targetHints":{"allow":["GET"]}}],"collection":[{"href":"https:\/\/www.stutenmilch.be\/fr\/wp-json\/wp\/v2\/pages"}],"about":[{"href":"https:\/\/www.stutenmilch.be\/fr\/wp-json\/wp\/v2\/types\/page"}],"author":[{"embeddable":true,"href":"https:\/\/www.stutenmilch.be\/fr\/wp-json\/wp\/v2\/users\/2"}],"replies":[{"embeddable":true,"href":"https:\/\/www.stutenmilch.be\/fr\/wp-json\/wp\/v2\/comments?post=8588"}],"version-history":[{"count":18,"href":"https:\/\/www.stutenmilch.be\/fr\/wp-json\/wp\/v2\/pages\/8588\/revisions"}],"predecessor-version":[{"id":25748,"href":"https:\/\/www.stutenmilch.be\/fr\/wp-json\/wp\/v2\/pages\/8588\/revisions\/25748"}],"wp:attachment":[{"href":"https:\/\/www.stutenmilch.be\/fr\/wp-json\/wp\/v2\/media?parent=8588"}],"curies":[{"name":"wp","href":"https:\/\/api.w.org\/{rel}","templated":true}]}}