{"id":8593,"date":"2019-09-12T15:05:04","date_gmt":"2019-09-12T13:05:04","guid":{"rendered":"https:\/\/www.stutenmilch.be\/stutenmilch\/"},"modified":"2026-04-23T18:54:24","modified_gmt":"2026-04-23T16:54:24","slug":"stutenmilch","status":"publish","type":"page","link":"https:\/\/www.stutenmilch.be\/fr\/","title":{"rendered":"StutenMilch"},"content":{"rendered":"<p>Seit Jahren verkaufen wir Stutenmilch.<\/p>\n","protected":false},"excerpt":{"rendered":"<p>Seit Jahren verkaufen wir Stutenmilch.<\/p>\n","protected":false},"author":2,"featured_media":0,"parent":0,"menu_order":39,"comment_status":"closed","ping_status":"closed","template":"","meta":{"_acf_changed":false,"footnotes":""},"class_list":["post-8593","page","type-page","status-publish","hentry"],"acf":[],"yoast_head":"<!-- This site is optimized with the Yoast SEO plugin v27.5 - https:\/\/yoast.com\/product\/yoast-seo-wordpress\/ -->\n<title>Produit alimentaire et cosm\u00e9tique au lait de jument biologique<\/title>\n<meta name=\"description\" content=\"La ferme bio Kessler \u00e0 Honsfeld dans l&#039;est de la Belgique, propose des produits \u00e0 base de lait jument en compl\u00e9ment alimentaire, fortifiant et produits cosm\u00e9tiques.\" \/>\n<meta name=\"robots\" content=\"index, follow, max-snippet:-1, max-image-preview:large, max-video-preview:-1\" \/>\n<link rel=\"canonical\" href=\"https:\/\/www.stutenmilch.be\/fr\/\" \/>\n<meta property=\"og:locale\" content=\"fr_FR\" \/>\n<meta property=\"og:type\" content=\"article\" \/>\n<meta property=\"og:title\" content=\"Produit alimentaire et cosm\u00e9tique au lait de jument biologique\" \/>\n<meta property=\"og:description\" content=\"La ferme bio Kessler \u00e0 Honsfeld dans l&#039;est de la Belgique, propose des produits \u00e0 base de lait jument en compl\u00e9ment alimentaire, fortifiant et produits cosm\u00e9tiques.\" \/>\n<meta property=\"og:url\" content=\"https:\/\/www.stutenmilch.be\/fr\/\" \/>\n<meta property=\"og:site_name\" content=\"StutenMilch\" \/>\n<meta property=\"article:modified_time\" content=\"2026-04-23T16:54:24+00:00\" \/>\n<meta name=\"twitter:card\" content=\"summary_large_image\" \/>\n<script type=\"application\/ld+json\" class=\"yoast-schema-graph\">{\"@context\":\"https:\\\/\\\/schema.org\",\"@graph\":[{\"@type\":\"WebPage\",\"@id\":\"https:\\\/\\\/www.stutenmilch.be\\\/fr\\\/\",\"url\":\"https:\\\/\\\/www.stutenmilch.be\\\/fr\\\/\",\"name\":\"Produit alimentaire et cosm\u00e9tique au lait de jument biologique\",\"isPartOf\":{\"@id\":\"https:\\\/\\\/www.stutenmilch.be\\\/#website\"},\"datePublished\":\"2019-09-12T13:05:04+00:00\",\"dateModified\":\"2026-04-23T16:54:24+00:00\",\"description\":\"La ferme bio Kessler \u00e0 Honsfeld dans l'est de la Belgique, propose des produits \u00e0 base de lait jument en compl\u00e9ment alimentaire, fortifiant et produits cosm\u00e9tiques.\",\"inLanguage\":\"fr-FR\",\"potentialAction\":[{\"@type\":\"ReadAction\",\"target\":[\"https:\\\/\\\/www.stutenmilch.be\\\/fr\\\/\"]}]},{\"@type\":\"WebSite\",\"@id\":\"https:\\\/\\\/www.stutenmilch.be\\\/#website\",\"url\":\"https:\\\/\\\/www.stutenmilch.be\\\/\",\"name\":\"StutenMilch\",\"description\":\"\",\"potentialAction\":[{\"@type\":\"SearchAction\",\"target\":{\"@type\":\"EntryPoint\",\"urlTemplate\":\"https:\\\/\\\/www.stutenmilch.be\\\/?s={search_term_string}\"},\"query-input\":{\"@type\":\"PropertyValueSpecification\",\"valueRequired\":true,\"valueName\":\"search_term_string\"}}],\"inLanguage\":\"fr-FR\"}]}<\/script>\n<!-- \/ Yoast SEO plugin. -->","yoast_head_json":{"title":"Produit alimentaire et cosm\u00e9tique au lait de jument biologique","description":"La ferme bio Kessler \u00e0 Honsfeld dans l'est de la Belgique, propose des produits \u00e0 base de lait jument en compl\u00e9ment alimentaire, fortifiant et produits cosm\u00e9tiques.","robots":{"index":"index","follow":"follow","max-snippet":"max-snippet:-1","max-image-preview":"max-image-preview:large","max-video-preview":"max-video-preview:-1"},"canonical":"https:\/\/www.stutenmilch.be\/fr\/","og_locale":"fr_FR","og_type":"article","og_title":"Produit alimentaire et cosm\u00e9tique au lait de jument biologique","og_description":"La ferme bio Kessler \u00e0 Honsfeld dans l'est de la Belgique, propose des produits \u00e0 base de lait jument en compl\u00e9ment alimentaire, fortifiant et produits cosm\u00e9tiques.","og_url":"https:\/\/www.stutenmilch.be\/fr\/","og_site_name":"StutenMilch","article_modified_time":"2026-04-23T16:54:24+00:00","twitter_card":"summary_large_image","schema":{"@context":"https:\/\/schema.org","@graph":[{"@type":"WebPage","@id":"https:\/\/www.stutenmilch.be\/fr\/","url":"https:\/\/www.stutenmilch.be\/fr\/","name":"Produit alimentaire et cosm\u00e9tique au lait de jument biologique","isPartOf":{"@id":"https:\/\/www.stutenmilch.be\/#website"},"datePublished":"2019-09-12T13:05:04+00:00","dateModified":"2026-04-23T16:54:24+00:00","description":"La ferme bio Kessler \u00e0 Honsfeld dans l'est de la Belgique, propose des produits \u00e0 base de lait jument en compl\u00e9ment alimentaire, fortifiant et produits cosm\u00e9tiques.","inLanguage":"fr-FR","potentialAction":[{"@type":"ReadAction","target":["https:\/\/www.stutenmilch.be\/fr\/"]}]},{"@type":"WebSite","@id":"https:\/\/www.stutenmilch.be\/#website","url":"https:\/\/www.stutenmilch.be\/","name":"StutenMilch","description":"","potentialAction":[{"@type":"SearchAction","target":{"@type":"EntryPoint","urlTemplate":"https:\/\/www.stutenmilch.be\/?s={search_term_string}"},"query-input":{"@type":"PropertyValueSpecification","valueRequired":true,"valueName":"search_term_string"}}],"inLanguage":"fr-FR"}]}},"_links":{"self":[{"href":"https:\/\/www.stutenmilch.be\/fr\/wp-json\/wp\/v2\/pages\/8593","targetHints":{"allow":["GET"]}}],"collection":[{"href":"https:\/\/www.stutenmilch.be\/fr\/wp-json\/wp\/v2\/pages"}],"about":[{"href":"https:\/\/www.stutenmilch.be\/fr\/wp-json\/wp\/v2\/types\/page"}],"author":[{"embeddable":true,"href":"https:\/\/www.stutenmilch.be\/fr\/wp-json\/wp\/v2\/users\/2"}],"replies":[{"embeddable":true,"href":"https:\/\/www.stutenmilch.be\/fr\/wp-json\/wp\/v2\/comments?post=8593"}],"version-history":[{"count":9,"href":"https:\/\/www.stutenmilch.be\/fr\/wp-json\/wp\/v2\/pages\/8593\/revisions"}],"predecessor-version":[{"id":25220,"href":"https:\/\/www.stutenmilch.be\/fr\/wp-json\/wp\/v2\/pages\/8593\/revisions\/25220"}],"wp:attachment":[{"href":"https:\/\/www.stutenmilch.be\/fr\/wp-json\/wp\/v2\/media?parent=8593"}],"curies":[{"name":"wp","href":"https:\/\/api.w.org\/{rel}","templated":true}]}}