{"id":242,"date":"2016-05-25T12:58:36","date_gmt":"2016-05-25T11:58:36","guid":{"rendered":"https:\/\/www.stutenmilch.be\/fr\/boutique\/edelweisscreme-mit-edelweiss-und-olivenoelextrakt\/"},"modified":"2021-05-25T13:48:02","modified_gmt":"2021-05-25T11:48:02","slug":"creme-dedelweiss-et-extrait-dhuile-dolive","status":"publish","type":"product","link":"https:\/\/www.stutenmilch.be\/fr\/boutique\/creme-dedelweiss-et-extrait-dhuile-dolive\/","title":{"rendered":"Cr\u00e8me d&rsquo;Edelweiss et extrait d&rsquo;huile d&rsquo;olive"},"content":{"rendered":"","protected":false},"excerpt":{"rendered":"<p>La cr\u00e8me Edelweiss est adapt\u00e9 pour tout type de peau. Elle est tr\u00e8s riche et peut \u00eatre utilis\u00e9 comme cr\u00e8me de jour et de nuit. L&rsquo;extrait de l\u2019Edelweiss est deux fois plus effectif pour neutraliser des radicaux compar\u00e9 \u00e0 la vitamine C. En outre, cet extrait a des propri\u00e9t\u00e9s anti-inflammatoires et antiseptiques. L&rsquo;extrait d&rsquo;Edelweiss favorise la synth\u00e8se du collag\u00e8ne et de l&rsquo;acide hyaluronique de la peau. Ces derniers sont tr\u00e8s importants pour un teint sain et la robustesse de la peau. L\u2019extrait de la feuille d\u2019olivier d\u00e9montre des propri\u00e9t\u00e9s similaires. La combinaison des deux extraits a d\u00e9j\u00e0 fait ses preuves. Le beurre de karit\u00e9 ajout\u00e9 au m\u00e9lange poss\u00e8de quant \u00e0 lui des propri\u00e9t\u00e9s antirides et protecteur de la peau. Apr\u00e8s un nettoyage minutieux, la cr\u00e8me devrait \u00eatre appliqu\u00e9 au visage, le cou et le d\u00e9collet\u00e9.<\/p>\n<p>&nbsp;<\/p>\n","protected":false},"featured_media":13516,"template":"","meta":{"_acf_changed":false},"product_brand":[],"product_cat":[15,143],"product_tag":[],"class_list":{"0":"post-242","1":"product","2":"type-product","3":"status-publish","4":"has-post-thumbnail","6":"product_cat-cosmetique","7":"product_cat-produits","9":"first","10":"instock","11":"taxable","12":"shipping-taxable","13":"purchasable","14":"product-type-simple"},"acf":[],"yoast_head":"<!-- This site is optimized with the Yoast SEO plugin v27.4 - https:\/\/yoast.com\/product\/yoast-seo-wordpress\/ -->\n<title>Cr\u00e8me d&#039;Edelweiss et extrait d&#039;huile d&#039;olive - StutenMilch<\/title>\n<meta name=\"description\" content=\"Cr\u00e8me d&#039;Edelweiss et extrait d&#039;huile d&#039;olive - StutenMilch\" \/>\n<meta name=\"robots\" content=\"index, follow, max-snippet:-1, max-image-preview:large, max-video-preview:-1\" \/>\n<link rel=\"canonical\" href=\"https:\/\/www.stutenmilch.be\/fr\/boutique\/creme-dedelweiss-et-extrait-dhuile-dolive\/\" \/>\n<meta property=\"og:locale\" content=\"fr_FR\" \/>\n<meta property=\"og:type\" content=\"article\" \/>\n<meta property=\"og:title\" content=\"Cr\u00e8me d&#039;Edelweiss et extrait d&#039;huile d&#039;olive - StutenMilch\" \/>\n<meta property=\"og:description\" content=\"Cr\u00e8me d&#039;Edelweiss et extrait d&#039;huile d&#039;olive - StutenMilch\" \/>\n<meta property=\"og:url\" content=\"https:\/\/www.stutenmilch.be\/fr\/boutique\/creme-dedelweiss-et-extrait-dhuile-dolive\/\" \/>\n<meta property=\"og:site_name\" content=\"StutenMilch\" \/>\n<meta property=\"article:modified_time\" content=\"2021-05-25T11:48:02+00:00\" \/>\n<meta property=\"og:image\" content=\"https:\/\/www.stutenmilch.be\/wp-content\/uploads\/NOA_0161-scaled.jpg\" \/>\n\t<meta property=\"og:image:width\" content=\"2560\" \/>\n\t<meta property=\"og:image:height\" content=\"1709\" \/>\n\t<meta property=\"og:image:type\" content=\"image\/jpeg\" \/>\n<meta name=\"twitter:card\" content=\"summary_large_image\" \/>\n<script type=\"application\/ld+json\" class=\"yoast-schema-graph\">{\"@context\":\"https:\\\/\\\/schema.org\",\"@graph\":[{\"@type\":\"WebPage\",\"@id\":\"https:\\\/\\\/www.stutenmilch.be\\\/fr\\\/boutique\\\/creme-dedelweiss-et-extrait-dhuile-dolive\\\/\",\"url\":\"https:\\\/\\\/www.stutenmilch.be\\\/fr\\\/boutique\\\/creme-dedelweiss-et-extrait-dhuile-dolive\\\/\",\"name\":\"Cr\u00e8me d'Edelweiss et extrait d'huile d'olive - StutenMilch\",\"isPartOf\":{\"@id\":\"https:\\\/\\\/www.stutenmilch.be\\\/#website\"},\"primaryImageOfPage\":{\"@id\":\"https:\\\/\\\/www.stutenmilch.be\\\/fr\\\/boutique\\\/creme-dedelweiss-et-extrait-dhuile-dolive\\\/#primaryimage\"},\"image\":{\"@id\":\"https:\\\/\\\/www.stutenmilch.be\\\/fr\\\/boutique\\\/creme-dedelweiss-et-extrait-dhuile-dolive\\\/#primaryimage\"},\"thumbnailUrl\":\"https:\\\/\\\/www.stutenmilch.be\\\/wp-content\\\/uploads\\\/SM_UNICORNIS-PACKSHOT_Edelweisscreme-def-scaled.jpg\",\"datePublished\":\"2016-05-25T11:58:36+00:00\",\"dateModified\":\"2021-05-25T11:48:02+00:00\",\"description\":\"Cr\u00e8me d'Edelweiss et extrait d'huile d'olive - StutenMilch\",\"breadcrumb\":{\"@id\":\"https:\\\/\\\/www.stutenmilch.be\\\/fr\\\/boutique\\\/creme-dedelweiss-et-extrait-dhuile-dolive\\\/#breadcrumb\"},\"inLanguage\":\"fr-FR\",\"potentialAction\":[{\"@type\":\"ReadAction\",\"target\":[\"https:\\\/\\\/www.stutenmilch.be\\\/fr\\\/boutique\\\/creme-dedelweiss-et-extrait-dhuile-dolive\\\/\"]}]},{\"@type\":\"ImageObject\",\"inLanguage\":\"fr-FR\",\"@id\":\"https:\\\/\\\/www.stutenmilch.be\\\/fr\\\/boutique\\\/creme-dedelweiss-et-extrait-dhuile-dolive\\\/#primaryimage\",\"url\":\"https:\\\/\\\/www.stutenmilch.be\\\/wp-content\\\/uploads\\\/SM_UNICORNIS-PACKSHOT_Edelweisscreme-def-scaled.jpg\",\"contentUrl\":\"https:\\\/\\\/www.stutenmilch.be\\\/wp-content\\\/uploads\\\/SM_UNICORNIS-PACKSHOT_Edelweisscreme-def-scaled.jpg\",\"width\":2000,\"height\":2000},{\"@type\":\"BreadcrumbList\",\"@id\":\"https:\\\/\\\/www.stutenmilch.be\\\/fr\\\/boutique\\\/creme-dedelweiss-et-extrait-dhuile-dolive\\\/#breadcrumb\",\"itemListElement\":[{\"@type\":\"ListItem\",\"position\":1,\"name\":\"Shop\",\"item\":\"https:\\\/\\\/www.stutenmilch.be\\\/fr\\\/shop\\\/\"},{\"@type\":\"ListItem\",\"position\":2,\"name\":\"Cr\u00e8me d&#8217;Edelweiss et extrait d&#8217;huile d&#8217;olive\"}]},{\"@type\":\"WebSite\",\"@id\":\"https:\\\/\\\/www.stutenmilch.be\\\/#website\",\"url\":\"https:\\\/\\\/www.stutenmilch.be\\\/\",\"name\":\"StutenMilch\",\"description\":\"\",\"potentialAction\":[{\"@type\":\"SearchAction\",\"target\":{\"@type\":\"EntryPoint\",\"urlTemplate\":\"https:\\\/\\\/www.stutenmilch.be\\\/?s={search_term_string}\"},\"query-input\":{\"@type\":\"PropertyValueSpecification\",\"valueRequired\":true,\"valueName\":\"search_term_string\"}}],\"inLanguage\":\"fr-FR\"}]}<\/script>\n<!-- \/ Yoast SEO plugin. -->","yoast_head_json":{"title":"Cr\u00e8me d'Edelweiss et extrait d'huile d'olive - StutenMilch","description":"Cr\u00e8me d'Edelweiss et extrait d'huile d'olive - StutenMilch","robots":{"index":"index","follow":"follow","max-snippet":"max-snippet:-1","max-image-preview":"max-image-preview:large","max-video-preview":"max-video-preview:-1"},"canonical":"https:\/\/www.stutenmilch.be\/fr\/boutique\/creme-dedelweiss-et-extrait-dhuile-dolive\/","og_locale":"fr_FR","og_type":"article","og_title":"Cr\u00e8me d'Edelweiss et extrait d'huile d'olive - StutenMilch","og_description":"Cr\u00e8me d'Edelweiss et extrait d'huile d'olive - StutenMilch","og_url":"https:\/\/www.stutenmilch.be\/fr\/boutique\/creme-dedelweiss-et-extrait-dhuile-dolive\/","og_site_name":"StutenMilch","article_modified_time":"2021-05-25T11:48:02+00:00","og_image":[{"width":2560,"height":1709,"url":"https:\/\/www.stutenmilch.be\/wp-content\/uploads\/NOA_0161-scaled.jpg","type":"image\/jpeg"}],"twitter_card":"summary_large_image","schema":{"@context":"https:\/\/schema.org","@graph":[{"@type":"WebPage","@id":"https:\/\/www.stutenmilch.be\/fr\/boutique\/creme-dedelweiss-et-extrait-dhuile-dolive\/","url":"https:\/\/www.stutenmilch.be\/fr\/boutique\/creme-dedelweiss-et-extrait-dhuile-dolive\/","name":"Cr\u00e8me d'Edelweiss et extrait d'huile d'olive - StutenMilch","isPartOf":{"@id":"https:\/\/www.stutenmilch.be\/#website"},"primaryImageOfPage":{"@id":"https:\/\/www.stutenmilch.be\/fr\/boutique\/creme-dedelweiss-et-extrait-dhuile-dolive\/#primaryimage"},"image":{"@id":"https:\/\/www.stutenmilch.be\/fr\/boutique\/creme-dedelweiss-et-extrait-dhuile-dolive\/#primaryimage"},"thumbnailUrl":"https:\/\/www.stutenmilch.be\/wp-content\/uploads\/SM_UNICORNIS-PACKSHOT_Edelweisscreme-def-scaled.jpg","datePublished":"2016-05-25T11:58:36+00:00","dateModified":"2021-05-25T11:48:02+00:00","description":"Cr\u00e8me d'Edelweiss et extrait d'huile d'olive - StutenMilch","breadcrumb":{"@id":"https:\/\/www.stutenmilch.be\/fr\/boutique\/creme-dedelweiss-et-extrait-dhuile-dolive\/#breadcrumb"},"inLanguage":"fr-FR","potentialAction":[{"@type":"ReadAction","target":["https:\/\/www.stutenmilch.be\/fr\/boutique\/creme-dedelweiss-et-extrait-dhuile-dolive\/"]}]},{"@type":"ImageObject","inLanguage":"fr-FR","@id":"https:\/\/www.stutenmilch.be\/fr\/boutique\/creme-dedelweiss-et-extrait-dhuile-dolive\/#primaryimage","url":"https:\/\/www.stutenmilch.be\/wp-content\/uploads\/SM_UNICORNIS-PACKSHOT_Edelweisscreme-def-scaled.jpg","contentUrl":"https:\/\/www.stutenmilch.be\/wp-content\/uploads\/SM_UNICORNIS-PACKSHOT_Edelweisscreme-def-scaled.jpg","width":2000,"height":2000},{"@type":"BreadcrumbList","@id":"https:\/\/www.stutenmilch.be\/fr\/boutique\/creme-dedelweiss-et-extrait-dhuile-dolive\/#breadcrumb","itemListElement":[{"@type":"ListItem","position":1,"name":"Shop","item":"https:\/\/www.stutenmilch.be\/fr\/shop\/"},{"@type":"ListItem","position":2,"name":"Cr\u00e8me d&#8217;Edelweiss et extrait d&#8217;huile d&#8217;olive"}]},{"@type":"WebSite","@id":"https:\/\/www.stutenmilch.be\/#website","url":"https:\/\/www.stutenmilch.be\/","name":"StutenMilch","description":"","potentialAction":[{"@type":"SearchAction","target":{"@type":"EntryPoint","urlTemplate":"https:\/\/www.stutenmilch.be\/?s={search_term_string}"},"query-input":{"@type":"PropertyValueSpecification","valueRequired":true,"valueName":"search_term_string"}}],"inLanguage":"fr-FR"}]}},"_links":{"self":[{"href":"https:\/\/www.stutenmilch.be\/fr\/wp-json\/wp\/v2\/product\/242","targetHints":{"allow":["GET"]}}],"collection":[{"href":"https:\/\/www.stutenmilch.be\/fr\/wp-json\/wp\/v2\/product"}],"about":[{"href":"https:\/\/www.stutenmilch.be\/fr\/wp-json\/wp\/v2\/types\/product"}],"wp:featuredmedia":[{"embeddable":true,"href":"https:\/\/www.stutenmilch.be\/fr\/wp-json\/wp\/v2\/media\/13516"}],"wp:attachment":[{"href":"https:\/\/www.stutenmilch.be\/fr\/wp-json\/wp\/v2\/media?parent=242"}],"wp:term":[{"taxonomy":"product_brand","embeddable":true,"href":"https:\/\/www.stutenmilch.be\/fr\/wp-json\/wp\/v2\/product_brand?post=242"},{"taxonomy":"product_cat","embeddable":true,"href":"https:\/\/www.stutenmilch.be\/fr\/wp-json\/wp\/v2\/product_cat?post=242"},{"taxonomy":"product_tag","embeddable":true,"href":"https:\/\/www.stutenmilch.be\/fr\/wp-json\/wp\/v2\/product_tag?post=242"}],"curies":[{"name":"wp","href":"https:\/\/api.w.org\/{rel}","templated":true}]}}