{"id":24391,"date":"2016-09-08T15:16:41","date_gmt":"2016-09-08T13:16:41","guid":{"rendered":"https:\/\/www.stutenmilch.be\/boutique\/unicorn-wundsalbe\/"},"modified":"2026-04-20T14:07:54","modified_gmt":"2026-04-20T12:07:54","slug":"unicorn-wundsalbe","status":"publish","type":"product","link":"https:\/\/www.stutenmilch.be\/fr\/boutique\/unicorn-wundsalbe\/","title":{"rendered":"Unicorn Pommade pour les plaies"},"content":{"rendered":"","protected":false},"excerpt":{"rendered":"<p data-start=\"61\" data-end=\"327\">Comme base de nos produits de soin enti\u00e8rement naturels, nous vous pr\u00e9sentons notre <strong data-start=\"145\" data-end=\"156\">Unicorn<\/strong>, une pommade qui ne devrait manquer dans aucun foyer. Elle est fabriqu\u00e9e \u00e0 partir de lait de jument, d\u2019arnica, de calendula, \u2026 et est polyvalente, par exemple en cas de :<\/p>\n<p data-start=\"329\" data-end=\"554\">plaies (\u00e9galement pour les animaux), br\u00fblures, piq\u00fbres de moustiques, crevasses, irritations du si\u00e8ge chez l\u2019enfant, dermatite atopique (ecz\u00e9ma), psoriasis, acn\u00e9, h\u00e9morro\u00efdes, et peut aussi \u00eatre utilis\u00e9e comme baume \u00e0 l\u00e8vres.<\/p>\n<p data-start=\"556\" data-end=\"658\">La pommade s\u2019applique en fine couche plusieurs fois par jour selon les besoins, en massant l\u00e9g\u00e8rement.<\/p>\n<p data-start=\"660\" data-end=\"943\">Elle peut \u00e9galement \u00eatre tr\u00e8s bien combin\u00e9e avec les EM (voir dans la boutique en ligne), par exemple en cas de plaies ou blessures plus importantes. Pour cela, baignez ou vaporisez la plaie avec les EM pendant 5 \u00e0 10 minutes, <strong>laissez s\u00e9cher<\/strong>, puis appliquez ensuite la cr\u00e8me Unicorn.<\/p>\n<p data-start=\"945\" data-end=\"1156\">Si votre cheval (ou autre animal) est bless\u00e9, n\u2019h\u00e9sitez pas \u00e0 me contacter. Je peux vous pr\u00e9parer \u00e0 partir de la cr\u00e8me UNICORN une <strong data-start=\"1076\" data-end=\"1084\">p\u00e2te<\/strong>, qui permet de refermer m\u00eame les plus grandes plaies en quelques jours.<\/p>\n<p data-start=\"1158\" data-end=\"1494\">Sp\u00e9cialement con\u00e7ue et toujours fabriqu\u00e9e fra\u00eechement, pour les petites comme les grandes plaies. L\u2019avantage de cette p\u00e2te Unicorn par rapport \u00e0 la cr\u00e8me Unicorn est qu\u2019elle adh\u00e8re particuli\u00e8rement bien aux plaies et forme un pansement naturel. Cela facilite notamment les soins chez les animaux, m\u00eame dans des zones difficiles d\u2019acc\u00e8s.<\/p>\n<p data-start=\"1496\" data-end=\"1530\">Convient pour l\u2019homme et l\u2019animal.<\/p>\n<p data-start=\"1532\" data-end=\"1644\">Les plaies, quelle que soit leur nature, cicatrisent rapidement et favorisent une belle formation de cicatrices.<\/p>\n","protected":false},"featured_media":13604,"template":"","meta":{"_acf_changed":false},"product_brand":[],"product_cat":[15,143],"product_tag":[],"class_list":{"0":"post-24391","1":"product","2":"type-product","3":"status-publish","4":"has-post-thumbnail","6":"product_cat-cosmetique","7":"product_cat-produits","9":"first","10":"instock","11":"taxable","12":"shipping-taxable","13":"purchasable","14":"product-type-simple"},"acf":[],"yoast_head":"<!-- This site is optimized with the Yoast SEO plugin v27.4 - https:\/\/yoast.com\/product\/yoast-seo-wordpress\/ -->\n<title>Unicorn Pommade pour les plaies - Stutenmilch Kosmetik - Stutenmilchverkauf Belgien<\/title>\n<meta name=\"description\" content=\"Speziell gemacht und immer frisch hergestellt, f\u00fcr kleine bis gro\u00dfe Wunden. Haftet gut auf Wunden und bildet ein nat\u00fcrliches Pflaster.\" \/>\n<meta name=\"robots\" content=\"index, follow, max-snippet:-1, max-image-preview:large, max-video-preview:-1\" \/>\n<link rel=\"canonical\" href=\"https:\/\/www.stutenmilch.be\/fr\/boutique\/unicorn-wundsalbe\/\" \/>\n<meta property=\"og:locale\" content=\"fr_FR\" \/>\n<meta property=\"og:type\" content=\"article\" \/>\n<meta property=\"og:title\" content=\"Unicorn Pommade pour les plaies - Stutenmilch Kosmetik - Stutenmilchverkauf Belgien\" \/>\n<meta property=\"og:description\" content=\"Speziell gemacht und immer frisch hergestellt, f\u00fcr kleine bis gro\u00dfe Wunden. Haftet gut auf Wunden und bildet ein nat\u00fcrliches Pflaster.\" \/>\n<meta property=\"og:url\" content=\"https:\/\/www.stutenmilch.be\/fr\/boutique\/unicorn-wundsalbe\/\" \/>\n<meta property=\"og:site_name\" content=\"StutenMilch\" \/>\n<meta property=\"article:modified_time\" content=\"2026-04-20T12:07:54+00:00\" \/>\n<meta property=\"og:image\" content=\"https:\/\/www.stutenmilch.be\/wp-content\/uploads\/SM_UNICORNIS-PACKSHOT_Unicorn-Salbe-def-scaled.jpg\" \/>\n\t<meta property=\"og:image:width\" content=\"1600\" \/>\n\t<meta property=\"og:image:height\" content=\"1600\" \/>\n\t<meta property=\"og:image:type\" content=\"image\/jpeg\" \/>\n<meta name=\"twitter:card\" content=\"summary_large_image\" \/>\n<meta name=\"twitter:label1\" content=\"Dur\u00e9e de lecture estim\u00e9e\" \/>\n\t<meta name=\"twitter:data1\" content=\"1 minute\" \/>\n<script type=\"application\/ld+json\" class=\"yoast-schema-graph\">{\"@context\":\"https:\\\/\\\/schema.org\",\"@graph\":[{\"@type\":\"WebPage\",\"@id\":\"https:\\\/\\\/www.stutenmilch.be\\\/fr\\\/boutique\\\/unicorn-wundsalbe\\\/\",\"url\":\"https:\\\/\\\/www.stutenmilch.be\\\/fr\\\/boutique\\\/unicorn-wundsalbe\\\/\",\"name\":\"Unicorn Pommade pour les plaies - Stutenmilch Kosmetik - Stutenmilchverkauf Belgien\",\"isPartOf\":{\"@id\":\"https:\\\/\\\/www.stutenmilch.be\\\/#website\"},\"primaryImageOfPage\":{\"@id\":\"https:\\\/\\\/www.stutenmilch.be\\\/fr\\\/boutique\\\/unicorn-wundsalbe\\\/#primaryimage\"},\"image\":{\"@id\":\"https:\\\/\\\/www.stutenmilch.be\\\/fr\\\/boutique\\\/unicorn-wundsalbe\\\/#primaryimage\"},\"thumbnailUrl\":\"https:\\\/\\\/www.stutenmilch.be\\\/wp-content\\\/uploads\\\/SM_UNICORNIS-PACKSHOT_Unicorn-Salbe-def-scaled.jpg\",\"datePublished\":\"2016-09-08T13:16:41+00:00\",\"dateModified\":\"2026-04-20T12:07:54+00:00\",\"description\":\"Speziell gemacht und immer frisch hergestellt, f\u00fcr kleine bis gro\u00dfe Wunden. Haftet gut auf Wunden und bildet ein nat\u00fcrliches Pflaster.\",\"breadcrumb\":{\"@id\":\"https:\\\/\\\/www.stutenmilch.be\\\/fr\\\/boutique\\\/unicorn-wundsalbe\\\/#breadcrumb\"},\"inLanguage\":\"fr-FR\",\"potentialAction\":[{\"@type\":\"ReadAction\",\"target\":[\"https:\\\/\\\/www.stutenmilch.be\\\/fr\\\/boutique\\\/unicorn-wundsalbe\\\/\"]}]},{\"@type\":\"ImageObject\",\"inLanguage\":\"fr-FR\",\"@id\":\"https:\\\/\\\/www.stutenmilch.be\\\/fr\\\/boutique\\\/unicorn-wundsalbe\\\/#primaryimage\",\"url\":\"https:\\\/\\\/www.stutenmilch.be\\\/wp-content\\\/uploads\\\/SM_UNICORNIS-PACKSHOT_Unicorn-Salbe-def-scaled.jpg\",\"contentUrl\":\"https:\\\/\\\/www.stutenmilch.be\\\/wp-content\\\/uploads\\\/SM_UNICORNIS-PACKSHOT_Unicorn-Salbe-def-scaled.jpg\",\"width\":1600,\"height\":1600},{\"@type\":\"BreadcrumbList\",\"@id\":\"https:\\\/\\\/www.stutenmilch.be\\\/fr\\\/boutique\\\/unicorn-wundsalbe\\\/#breadcrumb\",\"itemListElement\":[{\"@type\":\"ListItem\",\"position\":1,\"name\":\"Shop\",\"item\":\"https:\\\/\\\/www.stutenmilch.be\\\/fr\\\/shop\\\/\"},{\"@type\":\"ListItem\",\"position\":2,\"name\":\"Unicorn Pommade pour les plaies\"}]},{\"@type\":\"WebSite\",\"@id\":\"https:\\\/\\\/www.stutenmilch.be\\\/#website\",\"url\":\"https:\\\/\\\/www.stutenmilch.be\\\/\",\"name\":\"StutenMilch\",\"description\":\"\",\"potentialAction\":[{\"@type\":\"SearchAction\",\"target\":{\"@type\":\"EntryPoint\",\"urlTemplate\":\"https:\\\/\\\/www.stutenmilch.be\\\/?s={search_term_string}\"},\"query-input\":{\"@type\":\"PropertyValueSpecification\",\"valueRequired\":true,\"valueName\":\"search_term_string\"}}],\"inLanguage\":\"fr-FR\"}]}<\/script>\n<!-- \/ Yoast SEO plugin. -->","yoast_head_json":{"title":"Unicorn Pommade pour les plaies - Stutenmilch Kosmetik - Stutenmilchverkauf Belgien","description":"Speziell gemacht und immer frisch hergestellt, f\u00fcr kleine bis gro\u00dfe Wunden. Haftet gut auf Wunden und bildet ein nat\u00fcrliches Pflaster.","robots":{"index":"index","follow":"follow","max-snippet":"max-snippet:-1","max-image-preview":"max-image-preview:large","max-video-preview":"max-video-preview:-1"},"canonical":"https:\/\/www.stutenmilch.be\/fr\/boutique\/unicorn-wundsalbe\/","og_locale":"fr_FR","og_type":"article","og_title":"Unicorn Pommade pour les plaies - Stutenmilch Kosmetik - Stutenmilchverkauf Belgien","og_description":"Speziell gemacht und immer frisch hergestellt, f\u00fcr kleine bis gro\u00dfe Wunden. Haftet gut auf Wunden und bildet ein nat\u00fcrliches Pflaster.","og_url":"https:\/\/www.stutenmilch.be\/fr\/boutique\/unicorn-wundsalbe\/","og_site_name":"StutenMilch","article_modified_time":"2026-04-20T12:07:54+00:00","og_image":[{"width":1600,"height":1600,"url":"https:\/\/www.stutenmilch.be\/wp-content\/uploads\/SM_UNICORNIS-PACKSHOT_Unicorn-Salbe-def-scaled.jpg","type":"image\/jpeg"}],"twitter_card":"summary_large_image","twitter_misc":{"Dur\u00e9e de lecture estim\u00e9e":"1 minute"},"schema":{"@context":"https:\/\/schema.org","@graph":[{"@type":"WebPage","@id":"https:\/\/www.stutenmilch.be\/fr\/boutique\/unicorn-wundsalbe\/","url":"https:\/\/www.stutenmilch.be\/fr\/boutique\/unicorn-wundsalbe\/","name":"Unicorn Pommade pour les plaies - Stutenmilch Kosmetik - Stutenmilchverkauf Belgien","isPartOf":{"@id":"https:\/\/www.stutenmilch.be\/#website"},"primaryImageOfPage":{"@id":"https:\/\/www.stutenmilch.be\/fr\/boutique\/unicorn-wundsalbe\/#primaryimage"},"image":{"@id":"https:\/\/www.stutenmilch.be\/fr\/boutique\/unicorn-wundsalbe\/#primaryimage"},"thumbnailUrl":"https:\/\/www.stutenmilch.be\/wp-content\/uploads\/SM_UNICORNIS-PACKSHOT_Unicorn-Salbe-def-scaled.jpg","datePublished":"2016-09-08T13:16:41+00:00","dateModified":"2026-04-20T12:07:54+00:00","description":"Speziell gemacht und immer frisch hergestellt, f\u00fcr kleine bis gro\u00dfe Wunden. Haftet gut auf Wunden und bildet ein nat\u00fcrliches Pflaster.","breadcrumb":{"@id":"https:\/\/www.stutenmilch.be\/fr\/boutique\/unicorn-wundsalbe\/#breadcrumb"},"inLanguage":"fr-FR","potentialAction":[{"@type":"ReadAction","target":["https:\/\/www.stutenmilch.be\/fr\/boutique\/unicorn-wundsalbe\/"]}]},{"@type":"ImageObject","inLanguage":"fr-FR","@id":"https:\/\/www.stutenmilch.be\/fr\/boutique\/unicorn-wundsalbe\/#primaryimage","url":"https:\/\/www.stutenmilch.be\/wp-content\/uploads\/SM_UNICORNIS-PACKSHOT_Unicorn-Salbe-def-scaled.jpg","contentUrl":"https:\/\/www.stutenmilch.be\/wp-content\/uploads\/SM_UNICORNIS-PACKSHOT_Unicorn-Salbe-def-scaled.jpg","width":1600,"height":1600},{"@type":"BreadcrumbList","@id":"https:\/\/www.stutenmilch.be\/fr\/boutique\/unicorn-wundsalbe\/#breadcrumb","itemListElement":[{"@type":"ListItem","position":1,"name":"Shop","item":"https:\/\/www.stutenmilch.be\/fr\/shop\/"},{"@type":"ListItem","position":2,"name":"Unicorn Pommade pour les plaies"}]},{"@type":"WebSite","@id":"https:\/\/www.stutenmilch.be\/#website","url":"https:\/\/www.stutenmilch.be\/","name":"StutenMilch","description":"","potentialAction":[{"@type":"SearchAction","target":{"@type":"EntryPoint","urlTemplate":"https:\/\/www.stutenmilch.be\/?s={search_term_string}"},"query-input":{"@type":"PropertyValueSpecification","valueRequired":true,"valueName":"search_term_string"}}],"inLanguage":"fr-FR"}]}},"_links":{"self":[{"href":"https:\/\/www.stutenmilch.be\/fr\/wp-json\/wp\/v2\/product\/24391","targetHints":{"allow":["GET"]}}],"collection":[{"href":"https:\/\/www.stutenmilch.be\/fr\/wp-json\/wp\/v2\/product"}],"about":[{"href":"https:\/\/www.stutenmilch.be\/fr\/wp-json\/wp\/v2\/types\/product"}],"wp:featuredmedia":[{"embeddable":true,"href":"https:\/\/www.stutenmilch.be\/fr\/wp-json\/wp\/v2\/media\/13604"}],"wp:attachment":[{"href":"https:\/\/www.stutenmilch.be\/fr\/wp-json\/wp\/v2\/media?parent=24391"}],"wp:term":[{"taxonomy":"product_brand","embeddable":true,"href":"https:\/\/www.stutenmilch.be\/fr\/wp-json\/wp\/v2\/product_brand?post=24391"},{"taxonomy":"product_cat","embeddable":true,"href":"https:\/\/www.stutenmilch.be\/fr\/wp-json\/wp\/v2\/product_cat?post=24391"},{"taxonomy":"product_tag","embeddable":true,"href":"https:\/\/www.stutenmilch.be\/fr\/wp-json\/wp\/v2\/product_tag?post=24391"}],"curies":[{"name":"wp","href":"https:\/\/api.w.org\/{rel}","templated":true}]}}