{"id":252,"date":"2016-05-25T13:58:20","date_gmt":"2016-05-25T12:58:20","guid":{"rendered":"https:\/\/www.stutenmilch.be\/fr\/boutique\/kraeutertonic-mit-kraeuterextrakten\/"},"modified":"2021-05-25T13:48:27","modified_gmt":"2021-05-25T11:48:27","slug":"lotion-tonique-aux-herbes","status":"publish","type":"product","link":"https:\/\/www.stutenmilch.be\/fr\/boutique\/lotion-tonique-aux-herbes\/","title":{"rendered":"Lotion tonique aux herbes"},"content":{"rendered":"","protected":false},"excerpt":{"rendered":"<p>Cette lotion, l\u00e9g\u00e8rement alcoolis\u00e9e, fortifie et apaise la peau. Utilis\u00e9e apr\u00e8s le nettoyage du visage, elle a un effet apaisant sur les irritations et produit une sensation de fra\u00eecheur. La lotion est aussi id\u00e9ale pour les hommes pour les soins de peau apr\u00e8s le rasage (appliquer simplement comme l&rsquo;apr\u00e8s-rasage).<\/p>\n","protected":false},"featured_media":13556,"template":"","meta":{"_acf_changed":false},"product_brand":[],"product_cat":[15,143],"product_tag":[],"class_list":{"0":"post-252","1":"product","2":"type-product","3":"status-publish","4":"has-post-thumbnail","6":"product_cat-cosmetique","7":"product_cat-produits","9":"first","10":"instock","11":"taxable","12":"shipping-taxable","13":"purchasable","14":"product-type-simple"},"acf":[],"yoast_head":"<!-- This site is optimized with the Yoast SEO plugin v27.5 - https:\/\/yoast.com\/product\/yoast-seo-wordpress\/ -->\n<title>Lotion tonique aux herbes - StutenMilch<\/title>\n<meta name=\"description\" content=\"Lotion tonique aux herbes - StutenMilch\" \/>\n<meta name=\"robots\" content=\"index, follow, max-snippet:-1, max-image-preview:large, max-video-preview:-1\" \/>\n<link rel=\"canonical\" href=\"https:\/\/www.stutenmilch.be\/fr\/boutique\/lotion-tonique-aux-herbes\/\" \/>\n<meta property=\"og:locale\" content=\"fr_FR\" \/>\n<meta property=\"og:type\" content=\"article\" \/>\n<meta property=\"og:title\" content=\"Lotion tonique aux herbes - StutenMilch\" \/>\n<meta property=\"og:description\" content=\"Lotion tonique aux herbes - StutenMilch\" \/>\n<meta property=\"og:url\" content=\"https:\/\/www.stutenmilch.be\/fr\/boutique\/lotion-tonique-aux-herbes\/\" \/>\n<meta property=\"og:site_name\" content=\"StutenMilch\" \/>\n<meta property=\"article:modified_time\" content=\"2021-05-25T11:48:27+00:00\" \/>\n<meta property=\"og:image\" content=\"https:\/\/www.stutenmilch.be\/wp-content\/uploads\/stutenmilch.be_UNICORNIS-Kraeutertonic-scaled.jpg\" \/>\n\t<meta property=\"og:image:width\" content=\"1334\" \/>\n\t<meta property=\"og:image:height\" content=\"2000\" \/>\n\t<meta property=\"og:image:type\" content=\"image\/jpeg\" \/>\n<meta name=\"twitter:card\" content=\"summary_large_image\" \/>\n<script type=\"application\/ld+json\" class=\"yoast-schema-graph\">{\"@context\":\"https:\\\/\\\/schema.org\",\"@graph\":[{\"@type\":\"WebPage\",\"@id\":\"https:\\\/\\\/www.stutenmilch.be\\\/fr\\\/boutique\\\/lotion-tonique-aux-herbes\\\/\",\"url\":\"https:\\\/\\\/www.stutenmilch.be\\\/fr\\\/boutique\\\/lotion-tonique-aux-herbes\\\/\",\"name\":\"Lotion tonique aux herbes - StutenMilch\",\"isPartOf\":{\"@id\":\"https:\\\/\\\/www.stutenmilch.be\\\/#website\"},\"primaryImageOfPage\":{\"@id\":\"https:\\\/\\\/www.stutenmilch.be\\\/fr\\\/boutique\\\/lotion-tonique-aux-herbes\\\/#primaryimage\"},\"image\":{\"@id\":\"https:\\\/\\\/www.stutenmilch.be\\\/fr\\\/boutique\\\/lotion-tonique-aux-herbes\\\/#primaryimage\"},\"thumbnailUrl\":\"https:\\\/\\\/www.stutenmilch.be\\\/wp-content\\\/uploads\\\/SM_UNICORNIS-PACKSHOT_Kraeutertonic-def-scaled.jpg\",\"datePublished\":\"2016-05-25T12:58:20+00:00\",\"dateModified\":\"2021-05-25T11:48:27+00:00\",\"description\":\"Lotion tonique aux herbes - StutenMilch\",\"breadcrumb\":{\"@id\":\"https:\\\/\\\/www.stutenmilch.be\\\/fr\\\/boutique\\\/lotion-tonique-aux-herbes\\\/#breadcrumb\"},\"inLanguage\":\"fr-FR\",\"potentialAction\":[{\"@type\":\"ReadAction\",\"target\":[\"https:\\\/\\\/www.stutenmilch.be\\\/fr\\\/boutique\\\/lotion-tonique-aux-herbes\\\/\"]}]},{\"@type\":\"ImageObject\",\"inLanguage\":\"fr-FR\",\"@id\":\"https:\\\/\\\/www.stutenmilch.be\\\/fr\\\/boutique\\\/lotion-tonique-aux-herbes\\\/#primaryimage\",\"url\":\"https:\\\/\\\/www.stutenmilch.be\\\/wp-content\\\/uploads\\\/SM_UNICORNIS-PACKSHOT_Kraeutertonic-def-scaled.jpg\",\"contentUrl\":\"https:\\\/\\\/www.stutenmilch.be\\\/wp-content\\\/uploads\\\/SM_UNICORNIS-PACKSHOT_Kraeutertonic-def-scaled.jpg\",\"width\":2000,\"height\":2000},{\"@type\":\"BreadcrumbList\",\"@id\":\"https:\\\/\\\/www.stutenmilch.be\\\/fr\\\/boutique\\\/lotion-tonique-aux-herbes\\\/#breadcrumb\",\"itemListElement\":[{\"@type\":\"ListItem\",\"position\":1,\"name\":\"Shop\",\"item\":\"https:\\\/\\\/www.stutenmilch.be\\\/fr\\\/shop\\\/\"},{\"@type\":\"ListItem\",\"position\":2,\"name\":\"Lotion tonique aux herbes\"}]},{\"@type\":\"WebSite\",\"@id\":\"https:\\\/\\\/www.stutenmilch.be\\\/#website\",\"url\":\"https:\\\/\\\/www.stutenmilch.be\\\/\",\"name\":\"StutenMilch\",\"description\":\"\",\"potentialAction\":[{\"@type\":\"SearchAction\",\"target\":{\"@type\":\"EntryPoint\",\"urlTemplate\":\"https:\\\/\\\/www.stutenmilch.be\\\/?s={search_term_string}\"},\"query-input\":{\"@type\":\"PropertyValueSpecification\",\"valueRequired\":true,\"valueName\":\"search_term_string\"}}],\"inLanguage\":\"fr-FR\"}]}<\/script>\n<!-- \/ Yoast SEO plugin. -->","yoast_head_json":{"title":"Lotion tonique aux herbes - StutenMilch","description":"Lotion tonique aux herbes - StutenMilch","robots":{"index":"index","follow":"follow","max-snippet":"max-snippet:-1","max-image-preview":"max-image-preview:large","max-video-preview":"max-video-preview:-1"},"canonical":"https:\/\/www.stutenmilch.be\/fr\/boutique\/lotion-tonique-aux-herbes\/","og_locale":"fr_FR","og_type":"article","og_title":"Lotion tonique aux herbes - StutenMilch","og_description":"Lotion tonique aux herbes - StutenMilch","og_url":"https:\/\/www.stutenmilch.be\/fr\/boutique\/lotion-tonique-aux-herbes\/","og_site_name":"StutenMilch","article_modified_time":"2021-05-25T11:48:27+00:00","og_image":[{"width":1334,"height":2000,"url":"https:\/\/www.stutenmilch.be\/wp-content\/uploads\/stutenmilch.be_UNICORNIS-Kraeutertonic-scaled.jpg","type":"image\/jpeg"}],"twitter_card":"summary_large_image","schema":{"@context":"https:\/\/schema.org","@graph":[{"@type":"WebPage","@id":"https:\/\/www.stutenmilch.be\/fr\/boutique\/lotion-tonique-aux-herbes\/","url":"https:\/\/www.stutenmilch.be\/fr\/boutique\/lotion-tonique-aux-herbes\/","name":"Lotion tonique aux herbes - StutenMilch","isPartOf":{"@id":"https:\/\/www.stutenmilch.be\/#website"},"primaryImageOfPage":{"@id":"https:\/\/www.stutenmilch.be\/fr\/boutique\/lotion-tonique-aux-herbes\/#primaryimage"},"image":{"@id":"https:\/\/www.stutenmilch.be\/fr\/boutique\/lotion-tonique-aux-herbes\/#primaryimage"},"thumbnailUrl":"https:\/\/www.stutenmilch.be\/wp-content\/uploads\/SM_UNICORNIS-PACKSHOT_Kraeutertonic-def-scaled.jpg","datePublished":"2016-05-25T12:58:20+00:00","dateModified":"2021-05-25T11:48:27+00:00","description":"Lotion tonique aux herbes - StutenMilch","breadcrumb":{"@id":"https:\/\/www.stutenmilch.be\/fr\/boutique\/lotion-tonique-aux-herbes\/#breadcrumb"},"inLanguage":"fr-FR","potentialAction":[{"@type":"ReadAction","target":["https:\/\/www.stutenmilch.be\/fr\/boutique\/lotion-tonique-aux-herbes\/"]}]},{"@type":"ImageObject","inLanguage":"fr-FR","@id":"https:\/\/www.stutenmilch.be\/fr\/boutique\/lotion-tonique-aux-herbes\/#primaryimage","url":"https:\/\/www.stutenmilch.be\/wp-content\/uploads\/SM_UNICORNIS-PACKSHOT_Kraeutertonic-def-scaled.jpg","contentUrl":"https:\/\/www.stutenmilch.be\/wp-content\/uploads\/SM_UNICORNIS-PACKSHOT_Kraeutertonic-def-scaled.jpg","width":2000,"height":2000},{"@type":"BreadcrumbList","@id":"https:\/\/www.stutenmilch.be\/fr\/boutique\/lotion-tonique-aux-herbes\/#breadcrumb","itemListElement":[{"@type":"ListItem","position":1,"name":"Shop","item":"https:\/\/www.stutenmilch.be\/fr\/shop\/"},{"@type":"ListItem","position":2,"name":"Lotion tonique aux herbes"}]},{"@type":"WebSite","@id":"https:\/\/www.stutenmilch.be\/#website","url":"https:\/\/www.stutenmilch.be\/","name":"StutenMilch","description":"","potentialAction":[{"@type":"SearchAction","target":{"@type":"EntryPoint","urlTemplate":"https:\/\/www.stutenmilch.be\/?s={search_term_string}"},"query-input":{"@type":"PropertyValueSpecification","valueRequired":true,"valueName":"search_term_string"}}],"inLanguage":"fr-FR"}]}},"_links":{"self":[{"href":"https:\/\/www.stutenmilch.be\/fr\/wp-json\/wp\/v2\/product\/252","targetHints":{"allow":["GET"]}}],"collection":[{"href":"https:\/\/www.stutenmilch.be\/fr\/wp-json\/wp\/v2\/product"}],"about":[{"href":"https:\/\/www.stutenmilch.be\/fr\/wp-json\/wp\/v2\/types\/product"}],"wp:featuredmedia":[{"embeddable":true,"href":"https:\/\/www.stutenmilch.be\/fr\/wp-json\/wp\/v2\/media\/13556"}],"wp:attachment":[{"href":"https:\/\/www.stutenmilch.be\/fr\/wp-json\/wp\/v2\/media?parent=252"}],"wp:term":[{"taxonomy":"product_brand","embeddable":true,"href":"https:\/\/www.stutenmilch.be\/fr\/wp-json\/wp\/v2\/product_brand?post=252"},{"taxonomy":"product_cat","embeddable":true,"href":"https:\/\/www.stutenmilch.be\/fr\/wp-json\/wp\/v2\/product_cat?post=252"},{"taxonomy":"product_tag","embeddable":true,"href":"https:\/\/www.stutenmilch.be\/fr\/wp-json\/wp\/v2\/product_tag?post=252"}],"curies":[{"name":"wp","href":"https:\/\/api.w.org\/{rel}","templated":true}]}}