{"id":263,"date":"2016-05-25T14:07:11","date_gmt":"2016-05-25T13:07:11","guid":{"rendered":"https:\/\/www.stutenmilch.be\/fr\/boutique\/tagescreme-mit-kamille\/"},"modified":"2021-05-25T13:48:00","modified_gmt":"2021-05-25T11:48:00","slug":"creme-du-jour-a-la-camomille","status":"publish","type":"product","link":"https:\/\/www.stutenmilch.be\/fr\/boutique\/creme-du-jour-a-la-camomille\/","title":{"rendered":"Cr\u00e8me de jour"},"content":{"rendered":"","protected":false},"excerpt":{"rendered":"<p>Cr\u00e8me rapidement absorb\u00e9e par la peau; elle pr\u00e9sente un effet doux ,nutritif et hydratant pour tout type de peau. Le collag\u00e8ne v\u00e9g\u00e9tal augmente l&rsquo;\u00e9lasticit\u00e9 de la peau et sa capacit\u00e9 \u00e0 s&rsquo;hydrater. Gr\u00e2ce \u00e0 ses nombreuses substances actives elle nourrit et soigne la peau. Elle prot\u00e8ge la peau contre le dess\u00e8chement et les influences environnementales tout en lui conf\u00e9rant\u00a0 un aspect doux. Elle peut aussi servir comme soin de base en dessous du maquillage. Elle a un facteur de protection UV de 2 \u00e0 3.<\/p>\n","protected":false},"featured_media":13596,"template":"","meta":{"_acf_changed":false},"product_brand":[],"product_cat":[15,143],"product_tag":[],"class_list":{"0":"post-263","1":"product","2":"type-product","3":"status-publish","4":"has-post-thumbnail","6":"product_cat-cosmetique","7":"product_cat-produits","9":"first","10":"instock","11":"taxable","12":"shipping-taxable","13":"purchasable","14":"product-type-simple"},"acf":[],"yoast_head":"<!-- This site is optimized with the Yoast SEO plugin v27.4 - https:\/\/yoast.com\/product\/yoast-seo-wordpress\/ -->\n<title>Cr\u00e8me de jour - StutenMilch<\/title>\n<meta name=\"description\" content=\"Cr\u00e8me rapidement absorb\u00e9e par la peau, pr\u00e9sente un effet doux, nutritif et hydratant pour tout type de peau et la prot\u00e8ge contre le dess\u00e8chement.\" \/>\n<meta name=\"robots\" content=\"index, follow, max-snippet:-1, max-image-preview:large, max-video-preview:-1\" \/>\n<link rel=\"canonical\" href=\"https:\/\/www.stutenmilch.be\/fr\/boutique\/creme-du-jour-a-la-camomille\/\" \/>\n<meta property=\"og:locale\" content=\"fr_FR\" \/>\n<meta property=\"og:type\" content=\"article\" \/>\n<meta property=\"og:title\" content=\"Cr\u00e8me de jour - StutenMilch\" \/>\n<meta property=\"og:description\" content=\"Cr\u00e8me rapidement absorb\u00e9e par la peau, pr\u00e9sente un effet doux, nutritif et hydratant pour tout type de peau et la prot\u00e8ge contre le dess\u00e8chement.\" \/>\n<meta property=\"og:url\" content=\"https:\/\/www.stutenmilch.be\/fr\/boutique\/creme-du-jour-a-la-camomille\/\" \/>\n<meta property=\"og:site_name\" content=\"StutenMilch\" \/>\n<meta property=\"article:modified_time\" content=\"2021-05-25T11:48:00+00:00\" \/>\n<meta property=\"og:image\" content=\"https:\/\/www.stutenmilch.be\/wp-content\/uploads\/stutenmilch.be_UNICORNIS-Tagescreme-scaled.jpg\" \/>\n\t<meta property=\"og:image:width\" content=\"2518\" \/>\n\t<meta property=\"og:image:height\" content=\"2000\" \/>\n\t<meta property=\"og:image:type\" content=\"image\/jpeg\" \/>\n<meta name=\"twitter:card\" content=\"summary_large_image\" \/>\n<script type=\"application\/ld+json\" class=\"yoast-schema-graph\">{\"@context\":\"https:\\\/\\\/schema.org\",\"@graph\":[{\"@type\":\"WebPage\",\"@id\":\"https:\\\/\\\/www.stutenmilch.be\\\/fr\\\/boutique\\\/creme-du-jour-a-la-camomille\\\/\",\"url\":\"https:\\\/\\\/www.stutenmilch.be\\\/fr\\\/boutique\\\/creme-du-jour-a-la-camomille\\\/\",\"name\":\"Cr\u00e8me de jour - StutenMilch\",\"isPartOf\":{\"@id\":\"https:\\\/\\\/www.stutenmilch.be\\\/#website\"},\"primaryImageOfPage\":{\"@id\":\"https:\\\/\\\/www.stutenmilch.be\\\/fr\\\/boutique\\\/creme-du-jour-a-la-camomille\\\/#primaryimage\"},\"image\":{\"@id\":\"https:\\\/\\\/www.stutenmilch.be\\\/fr\\\/boutique\\\/creme-du-jour-a-la-camomille\\\/#primaryimage\"},\"thumbnailUrl\":\"https:\\\/\\\/www.stutenmilch.be\\\/wp-content\\\/uploads\\\/SM_UNICORNIS-PACKSHOT_Tagescreme-def-scaled.jpg\",\"datePublished\":\"2016-05-25T13:07:11+00:00\",\"dateModified\":\"2021-05-25T11:48:00+00:00\",\"description\":\"Cr\u00e8me rapidement absorb\u00e9e par la peau, pr\u00e9sente un effet doux, nutritif et hydratant pour tout type de peau et la prot\u00e8ge contre le dess\u00e8chement.\",\"breadcrumb\":{\"@id\":\"https:\\\/\\\/www.stutenmilch.be\\\/fr\\\/boutique\\\/creme-du-jour-a-la-camomille\\\/#breadcrumb\"},\"inLanguage\":\"fr-FR\",\"potentialAction\":[{\"@type\":\"ReadAction\",\"target\":[\"https:\\\/\\\/www.stutenmilch.be\\\/fr\\\/boutique\\\/creme-du-jour-a-la-camomille\\\/\"]}]},{\"@type\":\"ImageObject\",\"inLanguage\":\"fr-FR\",\"@id\":\"https:\\\/\\\/www.stutenmilch.be\\\/fr\\\/boutique\\\/creme-du-jour-a-la-camomille\\\/#primaryimage\",\"url\":\"https:\\\/\\\/www.stutenmilch.be\\\/wp-content\\\/uploads\\\/SM_UNICORNIS-PACKSHOT_Tagescreme-def-scaled.jpg\",\"contentUrl\":\"https:\\\/\\\/www.stutenmilch.be\\\/wp-content\\\/uploads\\\/SM_UNICORNIS-PACKSHOT_Tagescreme-def-scaled.jpg\",\"width\":2000,\"height\":2000},{\"@type\":\"BreadcrumbList\",\"@id\":\"https:\\\/\\\/www.stutenmilch.be\\\/fr\\\/boutique\\\/creme-du-jour-a-la-camomille\\\/#breadcrumb\",\"itemListElement\":[{\"@type\":\"ListItem\",\"position\":1,\"name\":\"Shop\",\"item\":\"https:\\\/\\\/www.stutenmilch.be\\\/fr\\\/shop\\\/\"},{\"@type\":\"ListItem\",\"position\":2,\"name\":\"Cr\u00e8me de jour\"}]},{\"@type\":\"WebSite\",\"@id\":\"https:\\\/\\\/www.stutenmilch.be\\\/#website\",\"url\":\"https:\\\/\\\/www.stutenmilch.be\\\/\",\"name\":\"StutenMilch\",\"description\":\"\",\"potentialAction\":[{\"@type\":\"SearchAction\",\"target\":{\"@type\":\"EntryPoint\",\"urlTemplate\":\"https:\\\/\\\/www.stutenmilch.be\\\/?s={search_term_string}\"},\"query-input\":{\"@type\":\"PropertyValueSpecification\",\"valueRequired\":true,\"valueName\":\"search_term_string\"}}],\"inLanguage\":\"fr-FR\"}]}<\/script>\n<!-- \/ Yoast SEO plugin. -->","yoast_head_json":{"title":"Cr\u00e8me de jour - StutenMilch","description":"Cr\u00e8me rapidement absorb\u00e9e par la peau, pr\u00e9sente un effet doux, nutritif et hydratant pour tout type de peau et la prot\u00e8ge contre le dess\u00e8chement.","robots":{"index":"index","follow":"follow","max-snippet":"max-snippet:-1","max-image-preview":"max-image-preview:large","max-video-preview":"max-video-preview:-1"},"canonical":"https:\/\/www.stutenmilch.be\/fr\/boutique\/creme-du-jour-a-la-camomille\/","og_locale":"fr_FR","og_type":"article","og_title":"Cr\u00e8me de jour - StutenMilch","og_description":"Cr\u00e8me rapidement absorb\u00e9e par la peau, pr\u00e9sente un effet doux, nutritif et hydratant pour tout type de peau et la prot\u00e8ge contre le dess\u00e8chement.","og_url":"https:\/\/www.stutenmilch.be\/fr\/boutique\/creme-du-jour-a-la-camomille\/","og_site_name":"StutenMilch","article_modified_time":"2021-05-25T11:48:00+00:00","og_image":[{"width":2518,"height":2000,"url":"https:\/\/www.stutenmilch.be\/wp-content\/uploads\/stutenmilch.be_UNICORNIS-Tagescreme-scaled.jpg","type":"image\/jpeg"}],"twitter_card":"summary_large_image","schema":{"@context":"https:\/\/schema.org","@graph":[{"@type":"WebPage","@id":"https:\/\/www.stutenmilch.be\/fr\/boutique\/creme-du-jour-a-la-camomille\/","url":"https:\/\/www.stutenmilch.be\/fr\/boutique\/creme-du-jour-a-la-camomille\/","name":"Cr\u00e8me de jour - StutenMilch","isPartOf":{"@id":"https:\/\/www.stutenmilch.be\/#website"},"primaryImageOfPage":{"@id":"https:\/\/www.stutenmilch.be\/fr\/boutique\/creme-du-jour-a-la-camomille\/#primaryimage"},"image":{"@id":"https:\/\/www.stutenmilch.be\/fr\/boutique\/creme-du-jour-a-la-camomille\/#primaryimage"},"thumbnailUrl":"https:\/\/www.stutenmilch.be\/wp-content\/uploads\/SM_UNICORNIS-PACKSHOT_Tagescreme-def-scaled.jpg","datePublished":"2016-05-25T13:07:11+00:00","dateModified":"2021-05-25T11:48:00+00:00","description":"Cr\u00e8me rapidement absorb\u00e9e par la peau, pr\u00e9sente un effet doux, nutritif et hydratant pour tout type de peau et la prot\u00e8ge contre le dess\u00e8chement.","breadcrumb":{"@id":"https:\/\/www.stutenmilch.be\/fr\/boutique\/creme-du-jour-a-la-camomille\/#breadcrumb"},"inLanguage":"fr-FR","potentialAction":[{"@type":"ReadAction","target":["https:\/\/www.stutenmilch.be\/fr\/boutique\/creme-du-jour-a-la-camomille\/"]}]},{"@type":"ImageObject","inLanguage":"fr-FR","@id":"https:\/\/www.stutenmilch.be\/fr\/boutique\/creme-du-jour-a-la-camomille\/#primaryimage","url":"https:\/\/www.stutenmilch.be\/wp-content\/uploads\/SM_UNICORNIS-PACKSHOT_Tagescreme-def-scaled.jpg","contentUrl":"https:\/\/www.stutenmilch.be\/wp-content\/uploads\/SM_UNICORNIS-PACKSHOT_Tagescreme-def-scaled.jpg","width":2000,"height":2000},{"@type":"BreadcrumbList","@id":"https:\/\/www.stutenmilch.be\/fr\/boutique\/creme-du-jour-a-la-camomille\/#breadcrumb","itemListElement":[{"@type":"ListItem","position":1,"name":"Shop","item":"https:\/\/www.stutenmilch.be\/fr\/shop\/"},{"@type":"ListItem","position":2,"name":"Cr\u00e8me de jour"}]},{"@type":"WebSite","@id":"https:\/\/www.stutenmilch.be\/#website","url":"https:\/\/www.stutenmilch.be\/","name":"StutenMilch","description":"","potentialAction":[{"@type":"SearchAction","target":{"@type":"EntryPoint","urlTemplate":"https:\/\/www.stutenmilch.be\/?s={search_term_string}"},"query-input":{"@type":"PropertyValueSpecification","valueRequired":true,"valueName":"search_term_string"}}],"inLanguage":"fr-FR"}]}},"_links":{"self":[{"href":"https:\/\/www.stutenmilch.be\/fr\/wp-json\/wp\/v2\/product\/263","targetHints":{"allow":["GET"]}}],"collection":[{"href":"https:\/\/www.stutenmilch.be\/fr\/wp-json\/wp\/v2\/product"}],"about":[{"href":"https:\/\/www.stutenmilch.be\/fr\/wp-json\/wp\/v2\/types\/product"}],"wp:featuredmedia":[{"embeddable":true,"href":"https:\/\/www.stutenmilch.be\/fr\/wp-json\/wp\/v2\/media\/13596"}],"wp:attachment":[{"href":"https:\/\/www.stutenmilch.be\/fr\/wp-json\/wp\/v2\/media?parent=263"}],"wp:term":[{"taxonomy":"product_brand","embeddable":true,"href":"https:\/\/www.stutenmilch.be\/fr\/wp-json\/wp\/v2\/product_brand?post=263"},{"taxonomy":"product_cat","embeddable":true,"href":"https:\/\/www.stutenmilch.be\/fr\/wp-json\/wp\/v2\/product_cat?post=263"},{"taxonomy":"product_tag","embeddable":true,"href":"https:\/\/www.stutenmilch.be\/fr\/wp-json\/wp\/v2\/product_tag?post=263"}],"curies":[{"name":"wp","href":"https:\/\/api.w.org\/{rel}","templated":true}]}}