{"id":9057,"date":"2021-02-15T11:17:14","date_gmt":"2021-05-11T08:27:20","guid":{"rendered":"https:\/\/www.stutenmilch.be\/?post_type=product&#038;p=9057"},"modified":"2021-08-18T09:08:38","modified_gmt":"2021-08-18T07:08:38","slug":"liqueur-de-lait-de-jument","status":"publish","type":"product","link":"https:\/\/www.stutenmilch.be\/fr\/boutique\/liqueur-de-lait-de-jument\/","title":{"rendered":"Liqueur de lait de jument"},"content":{"rendered":"<p>Non disponible pour le moment.<\/p>\n","protected":false},"excerpt":{"rendered":"<p>Le lait de jument naturel affin\u00e9 avec de la cr\u00e8me et ennobli par du whiskey irlandais donne une liqueur au go\u00fbt unique que vous n\u2019\u00eates pas pr\u00e8s d\u2019oublier.<\/p>\n<p>Elle peut se d\u00e9guster de diff\u00e9rentes fa\u00e7ons, que ce soit en l\u2019ajoutant dans une tasse caf\u00e9 ou pour agr\u00e9menter votre coupe de glace.<\/p>\n<p>Pour un plaisir parfait, il est recommand\u00e9 de la consommer \u00e0 temp\u00e9rature ambiante afin que ses saveurs et ar\u00f4mes soient bien mis en valeur.<\/p>\n<p>\u00c0 conserver de la m\u00eame fa\u00e7on que les autres spiritueux.<\/p>\n<p>Bien agiter avant de la d\u00e9gustation<\/p>\n","protected":false},"featured_media":0,"template":"","meta":{"_acf_changed":false},"product_brand":[],"product_cat":[143,138],"product_tag":[],"class_list":{"0":"post-9057","1":"product","2":"type-product","3":"status-publish","5":"product_cat-produits","6":"product_cat-specialites","8":"first","9":"instock","10":"taxable","11":"shipping-taxable","12":"product-type-simple"},"acf":[],"yoast_head":"<!-- This site is optimized with the Yoast SEO plugin v27.5 - https:\/\/yoast.com\/product\/yoast-seo-wordpress\/ -->\n<title>Liqueur de lait de jument - StutenMilch<\/title>\n<meta name=\"description\" content=\"Liqueur de lait de jument - StutenMilch\" \/>\n<meta name=\"robots\" content=\"index, follow, max-snippet:-1, max-image-preview:large, max-video-preview:-1\" \/>\n<link rel=\"canonical\" href=\"https:\/\/www.stutenmilch.be\/fr\/boutique\/liqueur-de-lait-de-jument\/\" \/>\n<meta property=\"og:locale\" content=\"fr_FR\" \/>\n<meta property=\"og:type\" content=\"article\" \/>\n<meta property=\"og:title\" content=\"Liqueur de lait de jument - StutenMilch\" \/>\n<meta property=\"og:description\" content=\"Liqueur de lait de jument - StutenMilch\" \/>\n<meta property=\"og:url\" content=\"https:\/\/www.stutenmilch.be\/fr\/boutique\/liqueur-de-lait-de-jument\/\" \/>\n<meta property=\"og:site_name\" content=\"StutenMilch\" \/>\n<meta property=\"article:modified_time\" content=\"2021-08-18T07:08:38+00:00\" \/>\n<meta property=\"og:image\" content=\"https:\/\/www.stutenmilch.be\/wp-content\/uploads\/NOA_0155-scaled.jpg\" \/>\n\t<meta property=\"og:image:width\" content=\"1335\" \/>\n\t<meta property=\"og:image:height\" content=\"2000\" \/>\n\t<meta property=\"og:image:type\" content=\"image\/jpeg\" \/>\n<meta name=\"twitter:card\" content=\"summary_large_image\" \/>\n<meta name=\"twitter:label1\" content=\"Dur\u00e9e de lecture estim\u00e9e\" \/>\n\t<meta name=\"twitter:data1\" content=\"1 minute\" \/>\n<script type=\"application\/ld+json\" class=\"yoast-schema-graph\">{\"@context\":\"https:\\\/\\\/schema.org\",\"@graph\":[{\"@type\":\"WebPage\",\"@id\":\"https:\\\/\\\/www.stutenmilch.be\\\/fr\\\/boutique\\\/liqueur-de-lait-de-jument\\\/\",\"url\":\"https:\\\/\\\/www.stutenmilch.be\\\/fr\\\/boutique\\\/liqueur-de-lait-de-jument\\\/\",\"name\":\"Liqueur de lait de jument - StutenMilch\",\"isPartOf\":{\"@id\":\"https:\\\/\\\/www.stutenmilch.be\\\/#website\"},\"datePublished\":\"2021-05-11T08:27:20+00:00\",\"dateModified\":\"2021-08-18T07:08:38+00:00\",\"description\":\"Liqueur de lait de jument - StutenMilch\",\"breadcrumb\":{\"@id\":\"https:\\\/\\\/www.stutenmilch.be\\\/fr\\\/boutique\\\/liqueur-de-lait-de-jument\\\/#breadcrumb\"},\"inLanguage\":\"fr-FR\",\"potentialAction\":[{\"@type\":\"ReadAction\",\"target\":[\"https:\\\/\\\/www.stutenmilch.be\\\/fr\\\/boutique\\\/liqueur-de-lait-de-jument\\\/\"]}]},{\"@type\":\"BreadcrumbList\",\"@id\":\"https:\\\/\\\/www.stutenmilch.be\\\/fr\\\/boutique\\\/liqueur-de-lait-de-jument\\\/#breadcrumb\",\"itemListElement\":[{\"@type\":\"ListItem\",\"position\":1,\"name\":\"Shop\",\"item\":\"https:\\\/\\\/www.stutenmilch.be\\\/fr\\\/shop\\\/\"},{\"@type\":\"ListItem\",\"position\":2,\"name\":\"Liqueur de lait de jument\"}]},{\"@type\":\"WebSite\",\"@id\":\"https:\\\/\\\/www.stutenmilch.be\\\/#website\",\"url\":\"https:\\\/\\\/www.stutenmilch.be\\\/\",\"name\":\"StutenMilch\",\"description\":\"\",\"potentialAction\":[{\"@type\":\"SearchAction\",\"target\":{\"@type\":\"EntryPoint\",\"urlTemplate\":\"https:\\\/\\\/www.stutenmilch.be\\\/?s={search_term_string}\"},\"query-input\":{\"@type\":\"PropertyValueSpecification\",\"valueRequired\":true,\"valueName\":\"search_term_string\"}}],\"inLanguage\":\"fr-FR\"}]}<\/script>\n<!-- \/ Yoast SEO plugin. -->","yoast_head_json":{"title":"Liqueur de lait de jument - StutenMilch","description":"Liqueur de lait de jument - StutenMilch","robots":{"index":"index","follow":"follow","max-snippet":"max-snippet:-1","max-image-preview":"max-image-preview:large","max-video-preview":"max-video-preview:-1"},"canonical":"https:\/\/www.stutenmilch.be\/fr\/boutique\/liqueur-de-lait-de-jument\/","og_locale":"fr_FR","og_type":"article","og_title":"Liqueur de lait de jument - StutenMilch","og_description":"Liqueur de lait de jument - StutenMilch","og_url":"https:\/\/www.stutenmilch.be\/fr\/boutique\/liqueur-de-lait-de-jument\/","og_site_name":"StutenMilch","article_modified_time":"2021-08-18T07:08:38+00:00","og_image":[{"width":1335,"height":2000,"url":"https:\/\/www.stutenmilch.be\/wp-content\/uploads\/NOA_0155-scaled.jpg","type":"image\/jpeg"}],"twitter_card":"summary_large_image","twitter_misc":{"Dur\u00e9e de lecture estim\u00e9e":"1 minute"},"schema":{"@context":"https:\/\/schema.org","@graph":[{"@type":"WebPage","@id":"https:\/\/www.stutenmilch.be\/fr\/boutique\/liqueur-de-lait-de-jument\/","url":"https:\/\/www.stutenmilch.be\/fr\/boutique\/liqueur-de-lait-de-jument\/","name":"Liqueur de lait de jument - StutenMilch","isPartOf":{"@id":"https:\/\/www.stutenmilch.be\/#website"},"datePublished":"2021-05-11T08:27:20+00:00","dateModified":"2021-08-18T07:08:38+00:00","description":"Liqueur de lait de jument - StutenMilch","breadcrumb":{"@id":"https:\/\/www.stutenmilch.be\/fr\/boutique\/liqueur-de-lait-de-jument\/#breadcrumb"},"inLanguage":"fr-FR","potentialAction":[{"@type":"ReadAction","target":["https:\/\/www.stutenmilch.be\/fr\/boutique\/liqueur-de-lait-de-jument\/"]}]},{"@type":"BreadcrumbList","@id":"https:\/\/www.stutenmilch.be\/fr\/boutique\/liqueur-de-lait-de-jument\/#breadcrumb","itemListElement":[{"@type":"ListItem","position":1,"name":"Shop","item":"https:\/\/www.stutenmilch.be\/fr\/shop\/"},{"@type":"ListItem","position":2,"name":"Liqueur de lait de jument"}]},{"@type":"WebSite","@id":"https:\/\/www.stutenmilch.be\/#website","url":"https:\/\/www.stutenmilch.be\/","name":"StutenMilch","description":"","potentialAction":[{"@type":"SearchAction","target":{"@type":"EntryPoint","urlTemplate":"https:\/\/www.stutenmilch.be\/?s={search_term_string}"},"query-input":{"@type":"PropertyValueSpecification","valueRequired":true,"valueName":"search_term_string"}}],"inLanguage":"fr-FR"}]}},"_links":{"self":[{"href":"https:\/\/www.stutenmilch.be\/fr\/wp-json\/wp\/v2\/product\/9057","targetHints":{"allow":["GET"]}}],"collection":[{"href":"https:\/\/www.stutenmilch.be\/fr\/wp-json\/wp\/v2\/product"}],"about":[{"href":"https:\/\/www.stutenmilch.be\/fr\/wp-json\/wp\/v2\/types\/product"}],"wp:attachment":[{"href":"https:\/\/www.stutenmilch.be\/fr\/wp-json\/wp\/v2\/media?parent=9057"}],"wp:term":[{"taxonomy":"product_brand","embeddable":true,"href":"https:\/\/www.stutenmilch.be\/fr\/wp-json\/wp\/v2\/product_brand?post=9057"},{"taxonomy":"product_cat","embeddable":true,"href":"https:\/\/www.stutenmilch.be\/fr\/wp-json\/wp\/v2\/product_cat?post=9057"},{"taxonomy":"product_tag","embeddable":true,"href":"https:\/\/www.stutenmilch.be\/fr\/wp-json\/wp\/v2\/product_tag?post=9057"}],"curies":[{"name":"wp","href":"https:\/\/api.w.org\/{rel}","templated":true}]}}