{"id":9060,"date":"2016-10-05T09:57:04","date_gmt":"2016-10-05T07:57:04","guid":{"rendered":"https:\/\/www.stutenmilch.be\/boutique\/lippenbalsam\/"},"modified":"2021-05-25T13:48:27","modified_gmt":"2021-05-25T11:48:27","slug":"baume-a-levres","status":"publish","type":"product","link":"https:\/\/www.stutenmilch.be\/fr\/boutique\/baume-a-levres\/","title":{"rendered":"Baume \u00e0 l\u00e8vres"},"content":{"rendered":"","protected":false},"excerpt":{"rendered":"<p>Les huiles contenues dans ce baume prot\u00e8gent vos l\u00e8vres des ger\u00e7ures et du dess\u00e8chement. Sa formule hydratante et nourrissante conf\u00e8re \u00e0 vos l\u00e8vres un aspect gloss et brillant.<\/p>\n","protected":false},"featured_media":13560,"template":"","meta":{"_acf_changed":false},"product_brand":[],"product_cat":[15,143],"product_tag":[],"class_list":{"0":"post-9060","1":"product","2":"type-product","3":"status-publish","4":"has-post-thumbnail","6":"product_cat-cosmetique","7":"product_cat-produits","9":"first","10":"instock","11":"taxable","12":"shipping-taxable","13":"purchasable","14":"product-type-simple"},"acf":[],"yoast_head":"<!-- This site is optimized with the Yoast SEO plugin v27.4 - https:\/\/yoast.com\/product\/yoast-seo-wordpress\/ -->\n<title>Baume \u00e0 l\u00e8vres - StutenMilch<\/title>\n<meta name=\"description\" content=\"Die enthaltenen \u00d6le lassen Ihre Lippen gepflegt und gl\u00e4nzend aussehen und bewahren vor Spr\u00f6dheit und Rissigkeit, verleiht einen brillanten Gloss-Effekt.\" \/>\n<meta name=\"robots\" content=\"index, follow, max-snippet:-1, max-image-preview:large, max-video-preview:-1\" \/>\n<link rel=\"canonical\" href=\"https:\/\/www.stutenmilch.be\/fr\/boutique\/baume-a-levres\/\" \/>\n<meta property=\"og:locale\" content=\"fr_FR\" \/>\n<meta property=\"og:type\" content=\"article\" \/>\n<meta property=\"og:title\" content=\"Baume \u00e0 l\u00e8vres - StutenMilch\" \/>\n<meta property=\"og:description\" content=\"Die enthaltenen \u00d6le lassen Ihre Lippen gepflegt und gl\u00e4nzend aussehen und bewahren vor Spr\u00f6dheit und Rissigkeit, verleiht einen brillanten Gloss-Effekt.\" \/>\n<meta property=\"og:url\" content=\"https:\/\/www.stutenmilch.be\/fr\/boutique\/baume-a-levres\/\" \/>\n<meta property=\"og:site_name\" content=\"StutenMilch\" \/>\n<meta property=\"article:modified_time\" content=\"2021-05-25T11:48:27+00:00\" \/>\n<meta property=\"og:image\" content=\"https:\/\/www.stutenmilch.be\/wp-content\/uploads\/stutenmilch.be_UNICORNIS-Lippenbalsam-scaled.jpg\" \/>\n\t<meta property=\"og:image:width\" content=\"2518\" \/>\n\t<meta property=\"og:image:height\" content=\"2000\" \/>\n\t<meta property=\"og:image:type\" content=\"image\/jpeg\" \/>\n<meta name=\"twitter:card\" content=\"summary_large_image\" \/>\n<script type=\"application\/ld+json\" class=\"yoast-schema-graph\">{\"@context\":\"https:\\\/\\\/schema.org\",\"@graph\":[{\"@type\":\"WebPage\",\"@id\":\"https:\\\/\\\/www.stutenmilch.be\\\/fr\\\/boutique\\\/baume-a-levres\\\/\",\"url\":\"https:\\\/\\\/www.stutenmilch.be\\\/fr\\\/boutique\\\/baume-a-levres\\\/\",\"name\":\"Baume \u00e0 l\u00e8vres - StutenMilch\",\"isPartOf\":{\"@id\":\"https:\\\/\\\/www.stutenmilch.be\\\/#website\"},\"primaryImageOfPage\":{\"@id\":\"https:\\\/\\\/www.stutenmilch.be\\\/fr\\\/boutique\\\/baume-a-levres\\\/#primaryimage\"},\"image\":{\"@id\":\"https:\\\/\\\/www.stutenmilch.be\\\/fr\\\/boutique\\\/baume-a-levres\\\/#primaryimage\"},\"thumbnailUrl\":\"https:\\\/\\\/www.stutenmilch.be\\\/wp-content\\\/uploads\\\/SM_UNICORNIS-PACKSHOT_Lippenbalsam-def-scaled.jpg\",\"datePublished\":\"2016-10-05T07:57:04+00:00\",\"dateModified\":\"2021-05-25T11:48:27+00:00\",\"description\":\"Die enthaltenen \u00d6le lassen Ihre Lippen gepflegt und gl\u00e4nzend aussehen und bewahren vor Spr\u00f6dheit und Rissigkeit, verleiht einen brillanten Gloss-Effekt.\",\"breadcrumb\":{\"@id\":\"https:\\\/\\\/www.stutenmilch.be\\\/fr\\\/boutique\\\/baume-a-levres\\\/#breadcrumb\"},\"inLanguage\":\"fr-FR\",\"potentialAction\":[{\"@type\":\"ReadAction\",\"target\":[\"https:\\\/\\\/www.stutenmilch.be\\\/fr\\\/boutique\\\/baume-a-levres\\\/\"]}]},{\"@type\":\"ImageObject\",\"inLanguage\":\"fr-FR\",\"@id\":\"https:\\\/\\\/www.stutenmilch.be\\\/fr\\\/boutique\\\/baume-a-levres\\\/#primaryimage\",\"url\":\"https:\\\/\\\/www.stutenmilch.be\\\/wp-content\\\/uploads\\\/SM_UNICORNIS-PACKSHOT_Lippenbalsam-def-scaled.jpg\",\"contentUrl\":\"https:\\\/\\\/www.stutenmilch.be\\\/wp-content\\\/uploads\\\/SM_UNICORNIS-PACKSHOT_Lippenbalsam-def-scaled.jpg\",\"width\":2000,\"height\":2000},{\"@type\":\"BreadcrumbList\",\"@id\":\"https:\\\/\\\/www.stutenmilch.be\\\/fr\\\/boutique\\\/baume-a-levres\\\/#breadcrumb\",\"itemListElement\":[{\"@type\":\"ListItem\",\"position\":1,\"name\":\"Shop\",\"item\":\"https:\\\/\\\/www.stutenmilch.be\\\/fr\\\/shop\\\/\"},{\"@type\":\"ListItem\",\"position\":2,\"name\":\"Baume \u00e0 l\u00e8vres\"}]},{\"@type\":\"WebSite\",\"@id\":\"https:\\\/\\\/www.stutenmilch.be\\\/#website\",\"url\":\"https:\\\/\\\/www.stutenmilch.be\\\/\",\"name\":\"StutenMilch\",\"description\":\"\",\"potentialAction\":[{\"@type\":\"SearchAction\",\"target\":{\"@type\":\"EntryPoint\",\"urlTemplate\":\"https:\\\/\\\/www.stutenmilch.be\\\/?s={search_term_string}\"},\"query-input\":{\"@type\":\"PropertyValueSpecification\",\"valueRequired\":true,\"valueName\":\"search_term_string\"}}],\"inLanguage\":\"fr-FR\"}]}<\/script>\n<!-- \/ Yoast SEO plugin. -->","yoast_head_json":{"title":"Baume \u00e0 l\u00e8vres - StutenMilch","description":"Die enthaltenen \u00d6le lassen Ihre Lippen gepflegt und gl\u00e4nzend aussehen und bewahren vor Spr\u00f6dheit und Rissigkeit, verleiht einen brillanten Gloss-Effekt.","robots":{"index":"index","follow":"follow","max-snippet":"max-snippet:-1","max-image-preview":"max-image-preview:large","max-video-preview":"max-video-preview:-1"},"canonical":"https:\/\/www.stutenmilch.be\/fr\/boutique\/baume-a-levres\/","og_locale":"fr_FR","og_type":"article","og_title":"Baume \u00e0 l\u00e8vres - StutenMilch","og_description":"Die enthaltenen \u00d6le lassen Ihre Lippen gepflegt und gl\u00e4nzend aussehen und bewahren vor Spr\u00f6dheit und Rissigkeit, verleiht einen brillanten Gloss-Effekt.","og_url":"https:\/\/www.stutenmilch.be\/fr\/boutique\/baume-a-levres\/","og_site_name":"StutenMilch","article_modified_time":"2021-05-25T11:48:27+00:00","og_image":[{"width":2518,"height":2000,"url":"https:\/\/www.stutenmilch.be\/wp-content\/uploads\/stutenmilch.be_UNICORNIS-Lippenbalsam-scaled.jpg","type":"image\/jpeg"}],"twitter_card":"summary_large_image","schema":{"@context":"https:\/\/schema.org","@graph":[{"@type":"WebPage","@id":"https:\/\/www.stutenmilch.be\/fr\/boutique\/baume-a-levres\/","url":"https:\/\/www.stutenmilch.be\/fr\/boutique\/baume-a-levres\/","name":"Baume \u00e0 l\u00e8vres - StutenMilch","isPartOf":{"@id":"https:\/\/www.stutenmilch.be\/#website"},"primaryImageOfPage":{"@id":"https:\/\/www.stutenmilch.be\/fr\/boutique\/baume-a-levres\/#primaryimage"},"image":{"@id":"https:\/\/www.stutenmilch.be\/fr\/boutique\/baume-a-levres\/#primaryimage"},"thumbnailUrl":"https:\/\/www.stutenmilch.be\/wp-content\/uploads\/SM_UNICORNIS-PACKSHOT_Lippenbalsam-def-scaled.jpg","datePublished":"2016-10-05T07:57:04+00:00","dateModified":"2021-05-25T11:48:27+00:00","description":"Die enthaltenen \u00d6le lassen Ihre Lippen gepflegt und gl\u00e4nzend aussehen und bewahren vor Spr\u00f6dheit und Rissigkeit, verleiht einen brillanten Gloss-Effekt.","breadcrumb":{"@id":"https:\/\/www.stutenmilch.be\/fr\/boutique\/baume-a-levres\/#breadcrumb"},"inLanguage":"fr-FR","potentialAction":[{"@type":"ReadAction","target":["https:\/\/www.stutenmilch.be\/fr\/boutique\/baume-a-levres\/"]}]},{"@type":"ImageObject","inLanguage":"fr-FR","@id":"https:\/\/www.stutenmilch.be\/fr\/boutique\/baume-a-levres\/#primaryimage","url":"https:\/\/www.stutenmilch.be\/wp-content\/uploads\/SM_UNICORNIS-PACKSHOT_Lippenbalsam-def-scaled.jpg","contentUrl":"https:\/\/www.stutenmilch.be\/wp-content\/uploads\/SM_UNICORNIS-PACKSHOT_Lippenbalsam-def-scaled.jpg","width":2000,"height":2000},{"@type":"BreadcrumbList","@id":"https:\/\/www.stutenmilch.be\/fr\/boutique\/baume-a-levres\/#breadcrumb","itemListElement":[{"@type":"ListItem","position":1,"name":"Shop","item":"https:\/\/www.stutenmilch.be\/fr\/shop\/"},{"@type":"ListItem","position":2,"name":"Baume \u00e0 l\u00e8vres"}]},{"@type":"WebSite","@id":"https:\/\/www.stutenmilch.be\/#website","url":"https:\/\/www.stutenmilch.be\/","name":"StutenMilch","description":"","potentialAction":[{"@type":"SearchAction","target":{"@type":"EntryPoint","urlTemplate":"https:\/\/www.stutenmilch.be\/?s={search_term_string}"},"query-input":{"@type":"PropertyValueSpecification","valueRequired":true,"valueName":"search_term_string"}}],"inLanguage":"fr-FR"}]}},"_links":{"self":[{"href":"https:\/\/www.stutenmilch.be\/fr\/wp-json\/wp\/v2\/product\/9060","targetHints":{"allow":["GET"]}}],"collection":[{"href":"https:\/\/www.stutenmilch.be\/fr\/wp-json\/wp\/v2\/product"}],"about":[{"href":"https:\/\/www.stutenmilch.be\/fr\/wp-json\/wp\/v2\/types\/product"}],"wp:featuredmedia":[{"embeddable":true,"href":"https:\/\/www.stutenmilch.be\/fr\/wp-json\/wp\/v2\/media\/13560"}],"wp:attachment":[{"href":"https:\/\/www.stutenmilch.be\/fr\/wp-json\/wp\/v2\/media?parent=9060"}],"wp:term":[{"taxonomy":"product_brand","embeddable":true,"href":"https:\/\/www.stutenmilch.be\/fr\/wp-json\/wp\/v2\/product_brand?post=9060"},{"taxonomy":"product_cat","embeddable":true,"href":"https:\/\/www.stutenmilch.be\/fr\/wp-json\/wp\/v2\/product_cat?post=9060"},{"taxonomy":"product_tag","embeddable":true,"href":"https:\/\/www.stutenmilch.be\/fr\/wp-json\/wp\/v2\/product_tag?post=9060"}],"curies":[{"name":"wp","href":"https:\/\/api.w.org\/{rel}","templated":true}]}}