{"id":9061,"date":"2021-02-15T11:12:56","date_gmt":"2021-02-15T09:12:56","guid":{"rendered":"https:\/\/www.stutenmilch.be\/boutique\/hautoel\/"},"modified":"2025-07-09T15:28:52","modified_gmt":"2025-07-09T13:28:52","slug":"huile-pour-la-peau-au-lait-de-jument","status":"publish","type":"product","link":"https:\/\/www.stutenmilch.be\/fr\/boutique\/huile-pour-la-peau-au-lait-de-jument\/","title":{"rendered":"Huile de peau"},"content":{"rendered":"<p>Cette huile corporelle riche hydrate en profondeur et r\u00e9g\u00e9n\u00e8re les peaux s\u00e8ches, squameuses ou irrit\u00e9es. Formul\u00e9e avec du <strong>lait de jument BIO<\/strong> et des huiles v\u00e9g\u00e9tales pr\u00e9cieuses comme le <strong>cynorhodon, l\u2019olive et le ricin<\/strong>, elle apaise et prot\u00e8ge naturellement.<\/p>\n<p>Le lait de jument est reconnu pour ses bienfaits en cas de peau sensible, atopique ou sujette \u00e0 des r\u00e9actions allergiques. Gr\u00e2ce \u00e0 ses propri\u00e9t\u00e9s apaisantes et nourrissantes, cette huile convient aussi comme soin compl\u00e9mentaire en cas d\u2019<strong>ecz\u00e9ma ou psoriasis<\/strong>.<\/p>\n<p><em>Les domaines d\u2019application d\u00e9crits reposent en grande partie sur des exp\u00e9riences traditionnelles ainsi que sur des retours individuels d\u2019utilisateurs. La recherche scientifique sur les effets du lait de jument reste limit\u00e9e \u00e0 ce jour, et aucune all\u00e9gation de sant\u00e9 ne peut \u00eatre formul\u00e9e.<\/em><\/p>\n","protected":false},"excerpt":{"rendered":"<p><strong>Huile corporelle nourrissante au lait de jument BIO, huile de cynorhodon, olive et ricin \u2013 pour une peau douce et apais\u00e9e<\/strong><\/p>\n<p><strong>Avantages du produit :<\/strong><\/p>\n<ul>\n<li>Lait de jument BIO \u2013 r\u00e9g\u00e9n\u00e9rant et calmant<\/li>\n<li>Huiles de cynorhodon, olive et ricin \u2013 riches en nutriments<\/li>\n<li>Favorise l\u2019\u00e9lasticit\u00e9 et la douceur de la peau<\/li>\n<li>Convient aux peaux sensibles ou \u00e0 probl\u00e8mes<\/li>\n<li>Sans parfum synth\u00e9tique, colorant ni parab\u00e8ne<\/li>\n<li>Id\u00e9ale en soin quotidien ou en p\u00e9riode de pouss\u00e9es cutan\u00e9es<\/li>\n<\/ul>\n<p>Une solution naturelle et douce pour une peau saine et souple.<\/p>\n","protected":false},"featured_media":13528,"template":"","meta":{"_acf_changed":false},"product_brand":[],"product_cat":[15,143],"product_tag":[],"class_list":{"0":"post-9061","1":"product","2":"type-product","3":"status-publish","4":"has-post-thumbnail","6":"product_cat-cosmetique","7":"product_cat-produits","9":"first","10":"instock","11":"taxable","12":"shipping-taxable","13":"purchasable","14":"product-type-simple"},"acf":[],"yoast_head":"<!-- This site is optimized with the Yoast SEO plugin v27.5 - https:\/\/yoast.com\/product\/yoast-seo-wordpress\/ -->\n<title>Huile pour la peau au lait de jument de chez Hof Kessler<\/title>\n<meta name=\"description\" content=\"Huile pour la peau au lait de jument BIO, cynorhodon, olive &amp; ricin. Apaise, r\u00e9g\u00e9n\u00e8re et hydrate. Parfaite pour peaux sensibles ou tr\u00e8s s\u00e8ches.\" \/>\n<meta name=\"robots\" content=\"index, follow, max-snippet:-1, max-image-preview:large, max-video-preview:-1\" \/>\n<link rel=\"canonical\" href=\"https:\/\/www.stutenmilch.be\/fr\/boutique\/huile-pour-la-peau-au-lait-de-jument\/\" \/>\n<meta property=\"og:locale\" content=\"fr_FR\" \/>\n<meta property=\"og:type\" content=\"article\" \/>\n<meta property=\"og:title\" content=\"Huile pour la peau au lait de jument de chez Hof Kessler\" \/>\n<meta property=\"og:description\" content=\"Huile pour la peau au lait de jument BIO, cynorhodon, olive &amp; ricin. Apaise, r\u00e9g\u00e9n\u00e8re et hydrate. Parfaite pour peaux sensibles ou tr\u00e8s s\u00e8ches.\" \/>\n<meta property=\"og:url\" content=\"https:\/\/www.stutenmilch.be\/fr\/boutique\/huile-pour-la-peau-au-lait-de-jument\/\" \/>\n<meta property=\"og:site_name\" content=\"StutenMilch\" \/>\n<meta property=\"article:modified_time\" content=\"2025-07-09T13:28:52+00:00\" \/>\n<meta property=\"og:image\" content=\"https:\/\/www.stutenmilch.be\/wp-content\/uploads\/SM_UNICORNIS-PACKSHOT_Hautoel-def-scaled.jpg\" \/>\n\t<meta property=\"og:image:width\" content=\"2000\" \/>\n\t<meta property=\"og:image:height\" content=\"2000\" \/>\n\t<meta property=\"og:image:type\" content=\"image\/jpeg\" \/>\n<meta name=\"twitter:card\" content=\"summary_large_image\" \/>\n<meta name=\"twitter:label1\" content=\"Dur\u00e9e de lecture estim\u00e9e\" \/>\n\t<meta name=\"twitter:data1\" content=\"1 minute\" \/>\n<script type=\"application\/ld+json\" class=\"yoast-schema-graph\">{\"@context\":\"https:\\\/\\\/schema.org\",\"@graph\":[{\"@type\":\"WebPage\",\"@id\":\"https:\\\/\\\/www.stutenmilch.be\\\/fr\\\/boutique\\\/huile-pour-la-peau-au-lait-de-jument\\\/\",\"url\":\"https:\\\/\\\/www.stutenmilch.be\\\/fr\\\/boutique\\\/huile-pour-la-peau-au-lait-de-jument\\\/\",\"name\":\"Huile pour la peau au lait de jument de chez Hof Kessler\",\"isPartOf\":{\"@id\":\"https:\\\/\\\/www.stutenmilch.be\\\/#website\"},\"primaryImageOfPage\":{\"@id\":\"https:\\\/\\\/www.stutenmilch.be\\\/fr\\\/boutique\\\/huile-pour-la-peau-au-lait-de-jument\\\/#primaryimage\"},\"image\":{\"@id\":\"https:\\\/\\\/www.stutenmilch.be\\\/fr\\\/boutique\\\/huile-pour-la-peau-au-lait-de-jument\\\/#primaryimage\"},\"thumbnailUrl\":\"https:\\\/\\\/www.stutenmilch.be\\\/wp-content\\\/uploads\\\/SM_UNICORNIS-PACKSHOT_Hautoel-def-scaled.jpg\",\"datePublished\":\"2021-02-15T09:12:56+00:00\",\"dateModified\":\"2025-07-09T13:28:52+00:00\",\"description\":\"Huile pour la peau au lait de jument BIO, cynorhodon, olive & ricin. Apaise, r\u00e9g\u00e9n\u00e8re et hydrate. Parfaite pour peaux sensibles ou tr\u00e8s s\u00e8ches.\",\"breadcrumb\":{\"@id\":\"https:\\\/\\\/www.stutenmilch.be\\\/fr\\\/boutique\\\/huile-pour-la-peau-au-lait-de-jument\\\/#breadcrumb\"},\"inLanguage\":\"fr-FR\",\"potentialAction\":[{\"@type\":\"ReadAction\",\"target\":[\"https:\\\/\\\/www.stutenmilch.be\\\/fr\\\/boutique\\\/huile-pour-la-peau-au-lait-de-jument\\\/\"]}]},{\"@type\":\"ImageObject\",\"inLanguage\":\"fr-FR\",\"@id\":\"https:\\\/\\\/www.stutenmilch.be\\\/fr\\\/boutique\\\/huile-pour-la-peau-au-lait-de-jument\\\/#primaryimage\",\"url\":\"https:\\\/\\\/www.stutenmilch.be\\\/wp-content\\\/uploads\\\/SM_UNICORNIS-PACKSHOT_Hautoel-def-scaled.jpg\",\"contentUrl\":\"https:\\\/\\\/www.stutenmilch.be\\\/wp-content\\\/uploads\\\/SM_UNICORNIS-PACKSHOT_Hautoel-def-scaled.jpg\",\"width\":2000,\"height\":2000},{\"@type\":\"BreadcrumbList\",\"@id\":\"https:\\\/\\\/www.stutenmilch.be\\\/fr\\\/boutique\\\/huile-pour-la-peau-au-lait-de-jument\\\/#breadcrumb\",\"itemListElement\":[{\"@type\":\"ListItem\",\"position\":1,\"name\":\"Shop\",\"item\":\"https:\\\/\\\/www.stutenmilch.be\\\/fr\\\/shop\\\/\"},{\"@type\":\"ListItem\",\"position\":2,\"name\":\"Huile de peau\"}]},{\"@type\":\"WebSite\",\"@id\":\"https:\\\/\\\/www.stutenmilch.be\\\/#website\",\"url\":\"https:\\\/\\\/www.stutenmilch.be\\\/\",\"name\":\"StutenMilch\",\"description\":\"\",\"potentialAction\":[{\"@type\":\"SearchAction\",\"target\":{\"@type\":\"EntryPoint\",\"urlTemplate\":\"https:\\\/\\\/www.stutenmilch.be\\\/?s={search_term_string}\"},\"query-input\":{\"@type\":\"PropertyValueSpecification\",\"valueRequired\":true,\"valueName\":\"search_term_string\"}}],\"inLanguage\":\"fr-FR\"}]}<\/script>\n<!-- \/ Yoast SEO plugin. -->","yoast_head_json":{"title":"Huile pour la peau au lait de jument de chez Hof Kessler","description":"Huile pour la peau au lait de jument BIO, cynorhodon, olive & ricin. Apaise, r\u00e9g\u00e9n\u00e8re et hydrate. Parfaite pour peaux sensibles ou tr\u00e8s s\u00e8ches.","robots":{"index":"index","follow":"follow","max-snippet":"max-snippet:-1","max-image-preview":"max-image-preview:large","max-video-preview":"max-video-preview:-1"},"canonical":"https:\/\/www.stutenmilch.be\/fr\/boutique\/huile-pour-la-peau-au-lait-de-jument\/","og_locale":"fr_FR","og_type":"article","og_title":"Huile pour la peau au lait de jument de chez Hof Kessler","og_description":"Huile pour la peau au lait de jument BIO, cynorhodon, olive & ricin. Apaise, r\u00e9g\u00e9n\u00e8re et hydrate. Parfaite pour peaux sensibles ou tr\u00e8s s\u00e8ches.","og_url":"https:\/\/www.stutenmilch.be\/fr\/boutique\/huile-pour-la-peau-au-lait-de-jument\/","og_site_name":"StutenMilch","article_modified_time":"2025-07-09T13:28:52+00:00","og_image":[{"width":2000,"height":2000,"url":"https:\/\/www.stutenmilch.be\/wp-content\/uploads\/SM_UNICORNIS-PACKSHOT_Hautoel-def-scaled.jpg","type":"image\/jpeg"}],"twitter_card":"summary_large_image","twitter_misc":{"Dur\u00e9e de lecture estim\u00e9e":"1 minute"},"schema":{"@context":"https:\/\/schema.org","@graph":[{"@type":"WebPage","@id":"https:\/\/www.stutenmilch.be\/fr\/boutique\/huile-pour-la-peau-au-lait-de-jument\/","url":"https:\/\/www.stutenmilch.be\/fr\/boutique\/huile-pour-la-peau-au-lait-de-jument\/","name":"Huile pour la peau au lait de jument de chez Hof Kessler","isPartOf":{"@id":"https:\/\/www.stutenmilch.be\/#website"},"primaryImageOfPage":{"@id":"https:\/\/www.stutenmilch.be\/fr\/boutique\/huile-pour-la-peau-au-lait-de-jument\/#primaryimage"},"image":{"@id":"https:\/\/www.stutenmilch.be\/fr\/boutique\/huile-pour-la-peau-au-lait-de-jument\/#primaryimage"},"thumbnailUrl":"https:\/\/www.stutenmilch.be\/wp-content\/uploads\/SM_UNICORNIS-PACKSHOT_Hautoel-def-scaled.jpg","datePublished":"2021-02-15T09:12:56+00:00","dateModified":"2025-07-09T13:28:52+00:00","description":"Huile pour la peau au lait de jument BIO, cynorhodon, olive & ricin. Apaise, r\u00e9g\u00e9n\u00e8re et hydrate. Parfaite pour peaux sensibles ou tr\u00e8s s\u00e8ches.","breadcrumb":{"@id":"https:\/\/www.stutenmilch.be\/fr\/boutique\/huile-pour-la-peau-au-lait-de-jument\/#breadcrumb"},"inLanguage":"fr-FR","potentialAction":[{"@type":"ReadAction","target":["https:\/\/www.stutenmilch.be\/fr\/boutique\/huile-pour-la-peau-au-lait-de-jument\/"]}]},{"@type":"ImageObject","inLanguage":"fr-FR","@id":"https:\/\/www.stutenmilch.be\/fr\/boutique\/huile-pour-la-peau-au-lait-de-jument\/#primaryimage","url":"https:\/\/www.stutenmilch.be\/wp-content\/uploads\/SM_UNICORNIS-PACKSHOT_Hautoel-def-scaled.jpg","contentUrl":"https:\/\/www.stutenmilch.be\/wp-content\/uploads\/SM_UNICORNIS-PACKSHOT_Hautoel-def-scaled.jpg","width":2000,"height":2000},{"@type":"BreadcrumbList","@id":"https:\/\/www.stutenmilch.be\/fr\/boutique\/huile-pour-la-peau-au-lait-de-jument\/#breadcrumb","itemListElement":[{"@type":"ListItem","position":1,"name":"Shop","item":"https:\/\/www.stutenmilch.be\/fr\/shop\/"},{"@type":"ListItem","position":2,"name":"Huile de peau"}]},{"@type":"WebSite","@id":"https:\/\/www.stutenmilch.be\/#website","url":"https:\/\/www.stutenmilch.be\/","name":"StutenMilch","description":"","potentialAction":[{"@type":"SearchAction","target":{"@type":"EntryPoint","urlTemplate":"https:\/\/www.stutenmilch.be\/?s={search_term_string}"},"query-input":{"@type":"PropertyValueSpecification","valueRequired":true,"valueName":"search_term_string"}}],"inLanguage":"fr-FR"}]}},"_links":{"self":[{"href":"https:\/\/www.stutenmilch.be\/fr\/wp-json\/wp\/v2\/product\/9061","targetHints":{"allow":["GET"]}}],"collection":[{"href":"https:\/\/www.stutenmilch.be\/fr\/wp-json\/wp\/v2\/product"}],"about":[{"href":"https:\/\/www.stutenmilch.be\/fr\/wp-json\/wp\/v2\/types\/product"}],"wp:featuredmedia":[{"embeddable":true,"href":"https:\/\/www.stutenmilch.be\/fr\/wp-json\/wp\/v2\/media\/13528"}],"wp:attachment":[{"href":"https:\/\/www.stutenmilch.be\/fr\/wp-json\/wp\/v2\/media?parent=9061"}],"wp:term":[{"taxonomy":"product_brand","embeddable":true,"href":"https:\/\/www.stutenmilch.be\/fr\/wp-json\/wp\/v2\/product_brand?post=9061"},{"taxonomy":"product_cat","embeddable":true,"href":"https:\/\/www.stutenmilch.be\/fr\/wp-json\/wp\/v2\/product_cat?post=9061"},{"taxonomy":"product_tag","embeddable":true,"href":"https:\/\/www.stutenmilch.be\/fr\/wp-json\/wp\/v2\/product_tag?post=9061"}],"curies":[{"name":"wp","href":"https:\/\/api.w.org\/{rel}","templated":true}]}}