{"id":8518,"date":"2018-01-20T20:27:38","date_gmt":"2018-01-20T18:27:38","guid":{"rendered":"https:\/\/www.stutenmilch.be\/boutique\/day-cream-q10\/"},"modified":"2021-05-25T13:48:49","modified_gmt":"2021-05-25T11:48:49","slug":"dagcreme-q10","status":"publish","type":"product","link":"https:\/\/www.stutenmilch.be\/nl\/shop\/dagcreme-q10\/","title":{"rendered":"Dagcrem\u00e9 Q10"},"content":{"rendered":"","protected":false},"excerpt":{"rendered":"<p>De Q10 verzorgende cr\u00e8me is een snel intrekkende, delicate en hydraterende dagcr\u00e8me voor ieder huidtype. Naast vitamines is het actieve ingredi\u00ebnt Q10 een van de belangrijkste &#8220;radicale aaseters&#8221;. Met Q10 kan celbeschadiging door omgevingsinvloeden en tekenen van veroudering zorgvuldig worden voorkomen. Door het rijke gehalte aan waardevolle ingredi\u00ebnten heeft de cr\u00e8me een voedende en verzorgende werking op de huid. Het beschermt tegen uitdroging en agressieve omgevingsinvloeden en geeft een fluweelzacht uiterlijk.<\/p>\n","protected":false},"featured_media":13574,"template":"","meta":{"_acf_changed":false},"product_brand":[],"product_cat":[114,141],"product_tag":[],"class_list":{"0":"post-8518","1":"product","2":"type-product","3":"status-publish","4":"has-post-thumbnail","6":"product_cat-cosmetica","7":"product_cat-producten","9":"first","10":"instock","11":"taxable","12":"shipping-taxable","13":"purchasable","14":"product-type-simple"},"acf":[],"yoast_head":"<!-- This site is optimized with the Yoast SEO plugin v27.4 - https:\/\/yoast.com\/product\/yoast-seo-wordpress\/ -->\n<title>Dagcrem\u00e9 Q10 - StutenMilch<\/title>\n<meta name=\"description\" content=\"Die Q10 Pflegecreme ist eine feuchtigkeitsspendende Tagescreme. Hilft der Zellsch\u00e4digung durch Umwelteinfl\u00fcsse sowie Alterungserscheinungen vorzubeugen.\" \/>\n<meta name=\"robots\" content=\"index, follow, max-snippet:-1, max-image-preview:large, max-video-preview:-1\" \/>\n<link rel=\"canonical\" href=\"https:\/\/www.stutenmilch.be\/nl\/shop\/dagcreme-q10\/\" \/>\n<meta property=\"og:locale\" content=\"nl_NL\" \/>\n<meta property=\"og:type\" content=\"article\" \/>\n<meta property=\"og:title\" content=\"Dagcrem\u00e9 Q10 - StutenMilch\" \/>\n<meta property=\"og:description\" content=\"Die Q10 Pflegecreme ist eine feuchtigkeitsspendende Tagescreme. Hilft der Zellsch\u00e4digung durch Umwelteinfl\u00fcsse sowie Alterungserscheinungen vorzubeugen.\" \/>\n<meta property=\"og:url\" content=\"https:\/\/www.stutenmilch.be\/nl\/shop\/dagcreme-q10\/\" \/>\n<meta property=\"og:site_name\" content=\"StutenMilch\" \/>\n<meta property=\"article:modified_time\" content=\"2021-05-25T11:48:49+00:00\" \/>\n<meta property=\"og:image\" content=\"https:\/\/www.stutenmilch.be\/wp-content\/uploads\/stutenmilch.be_UNICORNIS-Pflegecreme-scaled.jpg\" \/>\n\t<meta property=\"og:image:width\" content=\"2518\" \/>\n\t<meta property=\"og:image:height\" content=\"2000\" \/>\n\t<meta property=\"og:image:type\" content=\"image\/jpeg\" \/>\n<meta name=\"twitter:card\" content=\"summary_large_image\" \/>\n<script type=\"application\/ld+json\" class=\"yoast-schema-graph\">{\"@context\":\"https:\\\/\\\/schema.org\",\"@graph\":[{\"@type\":\"WebPage\",\"@id\":\"https:\\\/\\\/www.stutenmilch.be\\\/nl\\\/shop\\\/dagcreme-q10\\\/\",\"url\":\"https:\\\/\\\/www.stutenmilch.be\\\/nl\\\/shop\\\/dagcreme-q10\\\/\",\"name\":\"Dagcrem\u00e9 Q10 - StutenMilch\",\"isPartOf\":{\"@id\":\"https:\\\/\\\/www.stutenmilch.be\\\/#website\"},\"primaryImageOfPage\":{\"@id\":\"https:\\\/\\\/www.stutenmilch.be\\\/nl\\\/shop\\\/dagcreme-q10\\\/#primaryimage\"},\"image\":{\"@id\":\"https:\\\/\\\/www.stutenmilch.be\\\/nl\\\/shop\\\/dagcreme-q10\\\/#primaryimage\"},\"thumbnailUrl\":\"https:\\\/\\\/www.stutenmilch.be\\\/wp-content\\\/uploads\\\/SM_UNICORNIS-PACKSHOT_Pflegecreme-mit-Q10-def-scaled.jpg\",\"datePublished\":\"2018-01-20T18:27:38+00:00\",\"dateModified\":\"2021-05-25T11:48:49+00:00\",\"description\":\"Die Q10 Pflegecreme ist eine feuchtigkeitsspendende Tagescreme. Hilft der Zellsch\u00e4digung durch Umwelteinfl\u00fcsse sowie Alterungserscheinungen vorzubeugen.\",\"breadcrumb\":{\"@id\":\"https:\\\/\\\/www.stutenmilch.be\\\/nl\\\/shop\\\/dagcreme-q10\\\/#breadcrumb\"},\"inLanguage\":\"nl-NL\",\"potentialAction\":[{\"@type\":\"ReadAction\",\"target\":[\"https:\\\/\\\/www.stutenmilch.be\\\/nl\\\/shop\\\/dagcreme-q10\\\/\"]}]},{\"@type\":\"ImageObject\",\"inLanguage\":\"nl-NL\",\"@id\":\"https:\\\/\\\/www.stutenmilch.be\\\/nl\\\/shop\\\/dagcreme-q10\\\/#primaryimage\",\"url\":\"https:\\\/\\\/www.stutenmilch.be\\\/wp-content\\\/uploads\\\/SM_UNICORNIS-PACKSHOT_Pflegecreme-mit-Q10-def-scaled.jpg\",\"contentUrl\":\"https:\\\/\\\/www.stutenmilch.be\\\/wp-content\\\/uploads\\\/SM_UNICORNIS-PACKSHOT_Pflegecreme-mit-Q10-def-scaled.jpg\",\"width\":2000,\"height\":2000},{\"@type\":\"BreadcrumbList\",\"@id\":\"https:\\\/\\\/www.stutenmilch.be\\\/nl\\\/shop\\\/dagcreme-q10\\\/#breadcrumb\",\"itemListElement\":[{\"@type\":\"ListItem\",\"position\":1,\"name\":\"Shop\",\"item\":\"https:\\\/\\\/www.stutenmilch.be\\\/nl\\\/shop\\\/\"},{\"@type\":\"ListItem\",\"position\":2,\"name\":\"Dagcrem\u00e9 Q10\"}]},{\"@type\":\"WebSite\",\"@id\":\"https:\\\/\\\/www.stutenmilch.be\\\/#website\",\"url\":\"https:\\\/\\\/www.stutenmilch.be\\\/\",\"name\":\"StutenMilch\",\"description\":\"\",\"potentialAction\":[{\"@type\":\"SearchAction\",\"target\":{\"@type\":\"EntryPoint\",\"urlTemplate\":\"https:\\\/\\\/www.stutenmilch.be\\\/?s={search_term_string}\"},\"query-input\":{\"@type\":\"PropertyValueSpecification\",\"valueRequired\":true,\"valueName\":\"search_term_string\"}}],\"inLanguage\":\"nl-NL\"}]}<\/script>\n<!-- \/ Yoast SEO plugin. -->","yoast_head_json":{"title":"Dagcrem\u00e9 Q10 - StutenMilch","description":"Die Q10 Pflegecreme ist eine feuchtigkeitsspendende Tagescreme. Hilft der Zellsch\u00e4digung durch Umwelteinfl\u00fcsse sowie Alterungserscheinungen vorzubeugen.","robots":{"index":"index","follow":"follow","max-snippet":"max-snippet:-1","max-image-preview":"max-image-preview:large","max-video-preview":"max-video-preview:-1"},"canonical":"https:\/\/www.stutenmilch.be\/nl\/shop\/dagcreme-q10\/","og_locale":"nl_NL","og_type":"article","og_title":"Dagcrem\u00e9 Q10 - StutenMilch","og_description":"Die Q10 Pflegecreme ist eine feuchtigkeitsspendende Tagescreme. Hilft der Zellsch\u00e4digung durch Umwelteinfl\u00fcsse sowie Alterungserscheinungen vorzubeugen.","og_url":"https:\/\/www.stutenmilch.be\/nl\/shop\/dagcreme-q10\/","og_site_name":"StutenMilch","article_modified_time":"2021-05-25T11:48:49+00:00","og_image":[{"width":2518,"height":2000,"url":"https:\/\/www.stutenmilch.be\/wp-content\/uploads\/stutenmilch.be_UNICORNIS-Pflegecreme-scaled.jpg","type":"image\/jpeg"}],"twitter_card":"summary_large_image","schema":{"@context":"https:\/\/schema.org","@graph":[{"@type":"WebPage","@id":"https:\/\/www.stutenmilch.be\/nl\/shop\/dagcreme-q10\/","url":"https:\/\/www.stutenmilch.be\/nl\/shop\/dagcreme-q10\/","name":"Dagcrem\u00e9 Q10 - StutenMilch","isPartOf":{"@id":"https:\/\/www.stutenmilch.be\/#website"},"primaryImageOfPage":{"@id":"https:\/\/www.stutenmilch.be\/nl\/shop\/dagcreme-q10\/#primaryimage"},"image":{"@id":"https:\/\/www.stutenmilch.be\/nl\/shop\/dagcreme-q10\/#primaryimage"},"thumbnailUrl":"https:\/\/www.stutenmilch.be\/wp-content\/uploads\/SM_UNICORNIS-PACKSHOT_Pflegecreme-mit-Q10-def-scaled.jpg","datePublished":"2018-01-20T18:27:38+00:00","dateModified":"2021-05-25T11:48:49+00:00","description":"Die Q10 Pflegecreme ist eine feuchtigkeitsspendende Tagescreme. Hilft der Zellsch\u00e4digung durch Umwelteinfl\u00fcsse sowie Alterungserscheinungen vorzubeugen.","breadcrumb":{"@id":"https:\/\/www.stutenmilch.be\/nl\/shop\/dagcreme-q10\/#breadcrumb"},"inLanguage":"nl-NL","potentialAction":[{"@type":"ReadAction","target":["https:\/\/www.stutenmilch.be\/nl\/shop\/dagcreme-q10\/"]}]},{"@type":"ImageObject","inLanguage":"nl-NL","@id":"https:\/\/www.stutenmilch.be\/nl\/shop\/dagcreme-q10\/#primaryimage","url":"https:\/\/www.stutenmilch.be\/wp-content\/uploads\/SM_UNICORNIS-PACKSHOT_Pflegecreme-mit-Q10-def-scaled.jpg","contentUrl":"https:\/\/www.stutenmilch.be\/wp-content\/uploads\/SM_UNICORNIS-PACKSHOT_Pflegecreme-mit-Q10-def-scaled.jpg","width":2000,"height":2000},{"@type":"BreadcrumbList","@id":"https:\/\/www.stutenmilch.be\/nl\/shop\/dagcreme-q10\/#breadcrumb","itemListElement":[{"@type":"ListItem","position":1,"name":"Shop","item":"https:\/\/www.stutenmilch.be\/nl\/shop\/"},{"@type":"ListItem","position":2,"name":"Dagcrem\u00e9 Q10"}]},{"@type":"WebSite","@id":"https:\/\/www.stutenmilch.be\/#website","url":"https:\/\/www.stutenmilch.be\/","name":"StutenMilch","description":"","potentialAction":[{"@type":"SearchAction","target":{"@type":"EntryPoint","urlTemplate":"https:\/\/www.stutenmilch.be\/?s={search_term_string}"},"query-input":{"@type":"PropertyValueSpecification","valueRequired":true,"valueName":"search_term_string"}}],"inLanguage":"nl-NL"}]}},"_links":{"self":[{"href":"https:\/\/www.stutenmilch.be\/nl\/wp-json\/wp\/v2\/product\/8518","targetHints":{"allow":["GET"]}}],"collection":[{"href":"https:\/\/www.stutenmilch.be\/nl\/wp-json\/wp\/v2\/product"}],"about":[{"href":"https:\/\/www.stutenmilch.be\/nl\/wp-json\/wp\/v2\/types\/product"}],"wp:featuredmedia":[{"embeddable":true,"href":"https:\/\/www.stutenmilch.be\/nl\/wp-json\/wp\/v2\/media\/13574"}],"wp:attachment":[{"href":"https:\/\/www.stutenmilch.be\/nl\/wp-json\/wp\/v2\/media?parent=8518"}],"wp:term":[{"taxonomy":"product_brand","embeddable":true,"href":"https:\/\/www.stutenmilch.be\/nl\/wp-json\/wp\/v2\/product_brand?post=8518"},{"taxonomy":"product_cat","embeddable":true,"href":"https:\/\/www.stutenmilch.be\/nl\/wp-json\/wp\/v2\/product_cat?post=8518"},{"taxonomy":"product_tag","embeddable":true,"href":"https:\/\/www.stutenmilch.be\/nl\/wp-json\/wp\/v2\/product_tag?post=8518"}],"curies":[{"name":"wp","href":"https:\/\/api.w.org\/{rel}","templated":true}]}}