{"id":8536,"date":"2016-05-25T13:59:41","date_gmt":"2016-05-25T12:59:41","guid":{"rendered":"https:\/\/www.stutenmilch.be\/boutique\/night-cream-with-aloe-vera\/"},"modified":"2021-05-25T13:49:11","modified_gmt":"2021-05-25T11:49:11","slug":"nachtcreme-met-aloe-vera","status":"publish","type":"product","link":"https:\/\/www.stutenmilch.be\/nl\/shop\/nachtcreme-met-aloe-vera\/","title":{"rendered":"Nachtcr\u00e8me met Alo\u00eb Vera"},"content":{"rendered":"","protected":false},"excerpt":{"rendered":"<p>De nachtcr\u00e8me met goudsbloem, vitamine E en de pure, biologische alo\u00eb vera-gel in hoge concentratie is een vitaliserende en intens voedende cr\u00e8me. Het verfrist de huid &#8216;s nachts, maakt deze soepel en verzacht rimpels. Het geeft de huid het vocht dat het nodig heeft om er gezond en stralend uit te zien. De nachtcr\u00e8me is ook ideaal voor de zeer gevoelige-, droge- en probleemhuid.<\/p>\n","protected":false},"featured_media":13562,"template":"","meta":{"_acf_changed":false},"product_brand":[],"product_cat":[114,141],"product_tag":[],"class_list":{"0":"post-8536","1":"product","2":"type-product","3":"status-publish","4":"has-post-thumbnail","6":"product_cat-cosmetica","7":"product_cat-producten","9":"first","10":"instock","11":"taxable","12":"shipping-taxable","13":"purchasable","14":"product-type-simple"},"acf":[],"yoast_head":"<!-- This site is optimized with the Yoast SEO plugin v27.4 - https:\/\/yoast.com\/product\/yoast-seo-wordpress\/ -->\n<title>Nachtcr\u00e8me met Alo\u00eb Vera - StutenMilch<\/title>\n<meta name=\"description\" content=\"Die Nachtcreme mit Ringelblume, Vitamin E und dem biologischen Aloe-Vera-Gel in hoher Konzentration ist eine vitalisierende und intensiv pflegende N\u00e4hrcreme\" \/>\n<meta name=\"robots\" content=\"index, follow, max-snippet:-1, max-image-preview:large, max-video-preview:-1\" \/>\n<link rel=\"canonical\" href=\"https:\/\/www.stutenmilch.be\/nl\/shop\/nachtcreme-met-aloe-vera\/\" \/>\n<meta property=\"og:locale\" content=\"nl_NL\" \/>\n<meta property=\"og:type\" content=\"article\" \/>\n<meta property=\"og:title\" content=\"Nachtcr\u00e8me met Alo\u00eb Vera - StutenMilch\" \/>\n<meta property=\"og:description\" content=\"Die Nachtcreme mit Ringelblume, Vitamin E und dem biologischen Aloe-Vera-Gel in hoher Konzentration ist eine vitalisierende und intensiv pflegende N\u00e4hrcreme\" \/>\n<meta property=\"og:url\" content=\"https:\/\/www.stutenmilch.be\/nl\/shop\/nachtcreme-met-aloe-vera\/\" \/>\n<meta property=\"og:site_name\" content=\"StutenMilch\" \/>\n<meta property=\"article:modified_time\" content=\"2021-05-25T11:49:11+00:00\" \/>\n<meta property=\"og:image\" content=\"https:\/\/www.stutenmilch.be\/wp-content\/uploads\/stutenmilch.be_UNICORNIS-Nachtcreme-scaled.jpg\" \/>\n\t<meta property=\"og:image:width\" content=\"2518\" \/>\n\t<meta property=\"og:image:height\" content=\"2000\" \/>\n\t<meta property=\"og:image:type\" content=\"image\/jpeg\" \/>\n<meta name=\"twitter:card\" content=\"summary_large_image\" \/>\n<script type=\"application\/ld+json\" class=\"yoast-schema-graph\">{\"@context\":\"https:\\\/\\\/schema.org\",\"@graph\":[{\"@type\":\"WebPage\",\"@id\":\"https:\\\/\\\/www.stutenmilch.be\\\/nl\\\/shop\\\/nachtcreme-met-aloe-vera\\\/\",\"url\":\"https:\\\/\\\/www.stutenmilch.be\\\/nl\\\/shop\\\/nachtcreme-met-aloe-vera\\\/\",\"name\":\"Nachtcr\u00e8me met Alo\u00eb Vera - StutenMilch\",\"isPartOf\":{\"@id\":\"https:\\\/\\\/www.stutenmilch.be\\\/#website\"},\"primaryImageOfPage\":{\"@id\":\"https:\\\/\\\/www.stutenmilch.be\\\/nl\\\/shop\\\/nachtcreme-met-aloe-vera\\\/#primaryimage\"},\"image\":{\"@id\":\"https:\\\/\\\/www.stutenmilch.be\\\/nl\\\/shop\\\/nachtcreme-met-aloe-vera\\\/#primaryimage\"},\"thumbnailUrl\":\"https:\\\/\\\/www.stutenmilch.be\\\/wp-content\\\/uploads\\\/SM_UNICORNIS-PACKSHOT_Nachtcreme-def-scaled.jpg\",\"datePublished\":\"2016-05-25T12:59:41+00:00\",\"dateModified\":\"2021-05-25T11:49:11+00:00\",\"description\":\"Die Nachtcreme mit Ringelblume, Vitamin E und dem biologischen Aloe-Vera-Gel in hoher Konzentration ist eine vitalisierende und intensiv pflegende N\u00e4hrcreme\",\"breadcrumb\":{\"@id\":\"https:\\\/\\\/www.stutenmilch.be\\\/nl\\\/shop\\\/nachtcreme-met-aloe-vera\\\/#breadcrumb\"},\"inLanguage\":\"nl-NL\",\"potentialAction\":[{\"@type\":\"ReadAction\",\"target\":[\"https:\\\/\\\/www.stutenmilch.be\\\/nl\\\/shop\\\/nachtcreme-met-aloe-vera\\\/\"]}]},{\"@type\":\"ImageObject\",\"inLanguage\":\"nl-NL\",\"@id\":\"https:\\\/\\\/www.stutenmilch.be\\\/nl\\\/shop\\\/nachtcreme-met-aloe-vera\\\/#primaryimage\",\"url\":\"https:\\\/\\\/www.stutenmilch.be\\\/wp-content\\\/uploads\\\/SM_UNICORNIS-PACKSHOT_Nachtcreme-def-scaled.jpg\",\"contentUrl\":\"https:\\\/\\\/www.stutenmilch.be\\\/wp-content\\\/uploads\\\/SM_UNICORNIS-PACKSHOT_Nachtcreme-def-scaled.jpg\",\"width\":2000,\"height\":2000},{\"@type\":\"BreadcrumbList\",\"@id\":\"https:\\\/\\\/www.stutenmilch.be\\\/nl\\\/shop\\\/nachtcreme-met-aloe-vera\\\/#breadcrumb\",\"itemListElement\":[{\"@type\":\"ListItem\",\"position\":1,\"name\":\"Shop\",\"item\":\"https:\\\/\\\/www.stutenmilch.be\\\/nl\\\/shop\\\/\"},{\"@type\":\"ListItem\",\"position\":2,\"name\":\"Nachtcr\u00e8me met Alo\u00eb Vera\"}]},{\"@type\":\"WebSite\",\"@id\":\"https:\\\/\\\/www.stutenmilch.be\\\/#website\",\"url\":\"https:\\\/\\\/www.stutenmilch.be\\\/\",\"name\":\"StutenMilch\",\"description\":\"\",\"potentialAction\":[{\"@type\":\"SearchAction\",\"target\":{\"@type\":\"EntryPoint\",\"urlTemplate\":\"https:\\\/\\\/www.stutenmilch.be\\\/?s={search_term_string}\"},\"query-input\":{\"@type\":\"PropertyValueSpecification\",\"valueRequired\":true,\"valueName\":\"search_term_string\"}}],\"inLanguage\":\"nl-NL\"}]}<\/script>\n<!-- \/ Yoast SEO plugin. -->","yoast_head_json":{"title":"Nachtcr\u00e8me met Alo\u00eb Vera - StutenMilch","description":"Die Nachtcreme mit Ringelblume, Vitamin E und dem biologischen Aloe-Vera-Gel in hoher Konzentration ist eine vitalisierende und intensiv pflegende N\u00e4hrcreme","robots":{"index":"index","follow":"follow","max-snippet":"max-snippet:-1","max-image-preview":"max-image-preview:large","max-video-preview":"max-video-preview:-1"},"canonical":"https:\/\/www.stutenmilch.be\/nl\/shop\/nachtcreme-met-aloe-vera\/","og_locale":"nl_NL","og_type":"article","og_title":"Nachtcr\u00e8me met Alo\u00eb Vera - StutenMilch","og_description":"Die Nachtcreme mit Ringelblume, Vitamin E und dem biologischen Aloe-Vera-Gel in hoher Konzentration ist eine vitalisierende und intensiv pflegende N\u00e4hrcreme","og_url":"https:\/\/www.stutenmilch.be\/nl\/shop\/nachtcreme-met-aloe-vera\/","og_site_name":"StutenMilch","article_modified_time":"2021-05-25T11:49:11+00:00","og_image":[{"width":2518,"height":2000,"url":"https:\/\/www.stutenmilch.be\/wp-content\/uploads\/stutenmilch.be_UNICORNIS-Nachtcreme-scaled.jpg","type":"image\/jpeg"}],"twitter_card":"summary_large_image","schema":{"@context":"https:\/\/schema.org","@graph":[{"@type":"WebPage","@id":"https:\/\/www.stutenmilch.be\/nl\/shop\/nachtcreme-met-aloe-vera\/","url":"https:\/\/www.stutenmilch.be\/nl\/shop\/nachtcreme-met-aloe-vera\/","name":"Nachtcr\u00e8me met Alo\u00eb Vera - StutenMilch","isPartOf":{"@id":"https:\/\/www.stutenmilch.be\/#website"},"primaryImageOfPage":{"@id":"https:\/\/www.stutenmilch.be\/nl\/shop\/nachtcreme-met-aloe-vera\/#primaryimage"},"image":{"@id":"https:\/\/www.stutenmilch.be\/nl\/shop\/nachtcreme-met-aloe-vera\/#primaryimage"},"thumbnailUrl":"https:\/\/www.stutenmilch.be\/wp-content\/uploads\/SM_UNICORNIS-PACKSHOT_Nachtcreme-def-scaled.jpg","datePublished":"2016-05-25T12:59:41+00:00","dateModified":"2021-05-25T11:49:11+00:00","description":"Die Nachtcreme mit Ringelblume, Vitamin E und dem biologischen Aloe-Vera-Gel in hoher Konzentration ist eine vitalisierende und intensiv pflegende N\u00e4hrcreme","breadcrumb":{"@id":"https:\/\/www.stutenmilch.be\/nl\/shop\/nachtcreme-met-aloe-vera\/#breadcrumb"},"inLanguage":"nl-NL","potentialAction":[{"@type":"ReadAction","target":["https:\/\/www.stutenmilch.be\/nl\/shop\/nachtcreme-met-aloe-vera\/"]}]},{"@type":"ImageObject","inLanguage":"nl-NL","@id":"https:\/\/www.stutenmilch.be\/nl\/shop\/nachtcreme-met-aloe-vera\/#primaryimage","url":"https:\/\/www.stutenmilch.be\/wp-content\/uploads\/SM_UNICORNIS-PACKSHOT_Nachtcreme-def-scaled.jpg","contentUrl":"https:\/\/www.stutenmilch.be\/wp-content\/uploads\/SM_UNICORNIS-PACKSHOT_Nachtcreme-def-scaled.jpg","width":2000,"height":2000},{"@type":"BreadcrumbList","@id":"https:\/\/www.stutenmilch.be\/nl\/shop\/nachtcreme-met-aloe-vera\/#breadcrumb","itemListElement":[{"@type":"ListItem","position":1,"name":"Shop","item":"https:\/\/www.stutenmilch.be\/nl\/shop\/"},{"@type":"ListItem","position":2,"name":"Nachtcr\u00e8me met Alo\u00eb Vera"}]},{"@type":"WebSite","@id":"https:\/\/www.stutenmilch.be\/#website","url":"https:\/\/www.stutenmilch.be\/","name":"StutenMilch","description":"","potentialAction":[{"@type":"SearchAction","target":{"@type":"EntryPoint","urlTemplate":"https:\/\/www.stutenmilch.be\/?s={search_term_string}"},"query-input":{"@type":"PropertyValueSpecification","valueRequired":true,"valueName":"search_term_string"}}],"inLanguage":"nl-NL"}]}},"_links":{"self":[{"href":"https:\/\/www.stutenmilch.be\/nl\/wp-json\/wp\/v2\/product\/8536","targetHints":{"allow":["GET"]}}],"collection":[{"href":"https:\/\/www.stutenmilch.be\/nl\/wp-json\/wp\/v2\/product"}],"about":[{"href":"https:\/\/www.stutenmilch.be\/nl\/wp-json\/wp\/v2\/types\/product"}],"wp:featuredmedia":[{"embeddable":true,"href":"https:\/\/www.stutenmilch.be\/nl\/wp-json\/wp\/v2\/media\/13562"}],"wp:attachment":[{"href":"https:\/\/www.stutenmilch.be\/nl\/wp-json\/wp\/v2\/media?parent=8536"}],"wp:term":[{"taxonomy":"product_brand","embeddable":true,"href":"https:\/\/www.stutenmilch.be\/nl\/wp-json\/wp\/v2\/product_brand?post=8536"},{"taxonomy":"product_cat","embeddable":true,"href":"https:\/\/www.stutenmilch.be\/nl\/wp-json\/wp\/v2\/product_cat?post=8536"},{"taxonomy":"product_tag","embeddable":true,"href":"https:\/\/www.stutenmilch.be\/nl\/wp-json\/wp\/v2\/product_tag?post=8536"}],"curies":[{"name":"wp","href":"https:\/\/api.w.org\/{rel}","templated":true}]}}